{"id":104,"date":"2020-03-24T19:03:44","date_gmt":"2020-03-24T18:03:44","guid":{"rendered":"http:\/\/www.santalices.net\/blog\/?page_id=104"},"modified":"2023-07-15T11:40:59","modified_gmt":"2023-07-15T10:40:59","slug":"modos-de-disparo","status":"publish","type":"page","link":"http:\/\/www.santalices.net\/blog\/indice\/indice-2\/modos-de-disparo\/","title":{"rendered":"Modos de disparo"},"content":{"rendered":"\n<p>En todas las c\u00e1maras actuales disponemos de m\u00faltiples modos de disparo. Esto a veces es  un verdadero quebradero de cabeza, pues nos encontramos perdidos con  tanto sistema de disparo. <strong>\u00bfPara que sirven? \u00bfCual utilizar?<\/strong> esa son las  respuestas que voy a tratar de aportar.<\/p>\n\n\n\n<p>Para ello lo primero ser\u00e1 ver que hacen cada uno de ellos y as\u00ed tratar de comprender sus distintas utilidades. Se que va a ser dif\u00edcil, pues si bien hay algunos que podr\u00edamos decir que son universales luego cada fabricante aporta algunos de cosecha propia, por  ello seguro que alguno se queda en el tintero.<\/p>\n\n\n\n<p>Los modos de disparo lo que permiten es la \nselecci\u00f3n de uno, varios o ninguno de los par\u00e1metros que determinan el \nconjunto de la exposici\u00f3n, estos son velocidad, diafragma y sensibilidad\n ISO. Normalmente est\u00e1n ubicados en una rueda en la parte superior de la\n c\u00e1mara.<\/p>\n\n\n\n<div class=\"wp-block-image\"><figure class=\"aligncenter size-large\"><img loading=\"lazy\" decoding=\"async\" width=\"181\" height=\"119\" src=\"http:\/\/www.santalices.net\/blog\/wp-content\/uploads\/2020\/03\/rueda2.jpg\" alt=\"\" class=\"wp-image-103\"\/><\/figure><\/div>\n\n\n\n<p>En esta rueda disponemos de los modos b\u00e1sicos y los modos de escena, como vemos en la imagen superior. Lo  habitual es que los modos b\u00e1sicos sean de acceso directo, mientras que  los modos de escena pueden tener un acceso a trav\u00e9s de men\u00fa, lo habitual en compactas, o ser directo a trav\u00e9s de la propia rueda, mas habitual en reflex. <\/p>\n\n\n\n<p>Antes de empezar convendr\u00eda un repaso al cuaderno de <a href=\"http:\/\/www.santalices.net\/blog\/indice\/conceptos-basicos-de-la-fotografia\/\" target=\"_blank\" rel=\"noreferrer noopener\" aria-label=\"Conceptos b\u00e1sicos de la fotograf\u00eda (se abre en una nueva pesta\u00f1a)\">Conceptos b\u00e1sicos de la fotograf\u00eda<\/a> para recordar los t\u00e9rminos que vamos a utilizar. Si no os apetece os dejo un glosario simplificado.<\/p>\n\n\n\n<ul class=\"wp-block-list\"><li> <strong>Diafragma<\/strong>. Apertura del objetivo, determina la cantidad de luz que pasa hacia el sensor o pel\u00edcula <\/li><li> <strong>Velocidad<\/strong>. Tiempo de que estamos dejando pasar luz  hacia el sensor o pel\u00edcula <\/li><li> <strong>ISO<\/strong>. Sensibilidad del sensor o pel\u00edcula. Capacidad de absorber la luz por el sensor o pel\u00edcula. <\/li><li> <strong>Exposici\u00f3n<\/strong>. Exposici\u00f3n a la luz, es el conjunto de la suma de los tres valores anteriores. <\/li><li> <strong>Fot\u00f3metro.<\/strong> Mecanismo que llevan incorporadas las c\u00e1maras encargado de medir la luz que entra hacia el sensor o pel\u00edcula <\/li><\/ul>\n\n\n\n<p>Primero Vamos a hacer un repaso para recordar como funciona el fot\u00f3metro.<\/p>\n\n\n\n<div class=\"wp-block-image\"><figure class=\"aligncenter size-large\"><img loading=\"lazy\" decoding=\"async\" width=\"133\" height=\"36\" src=\"http:\/\/www.santalices.net\/blog\/wp-content\/uploads\/2020\/03\/escala.jpg\" alt=\"\" class=\"wp-image-77\"\/><\/figure><\/div>\n\n\n\n<p>Esta es la vista mas habitual que tenemos del  fot\u00f3metro a trav\u00e9s del visor. Es una simple escala donde tenemos el cero  en el centro, que corresponde a una exposici\u00f3n correcta. Hacia la  derecha nos vamos a valores positivos (sobre exposici\u00f3n) y a la  izquierda valores negativos (sub-exposici\u00f3n). Cada punto entero se  conoce como paso o EV (Exposure Value, valor de exposici\u00f3n),  estos no se muestran solo en sus valores enteros, sino est\u00e1n  fraccionados, lo mas corriente es que sean fracciones de 1\/3. Se  representan en decimales y con el signo positivo o negativo delante;  +0.3EV, +0.6EV, +1EV o -0.6EV.<\/p>\n\n\n\n<p><strong>Modos b\u00e1sicos<\/strong><\/p>\n\n\n\n<p>Los modos b\u00e1sicos son universales, es decir  todos los fabricantes usan los mismos y con las mismas funciones. Estos son cuatro, aunque en las compactas medias o de gama baja se elimina uno, el  manual. Estos modos trabajan \u00fanica y exclusivamente con con los  par\u00e1metros de exposici\u00f3n, permitiendo en la mayor\u00eda de los casos el  actuar sobre los sistemas de medici\u00f3n de luz y AF. Estos modos est\u00e1n divididos en tres grupos, manual,  autom\u00e1ticos y semiautom\u00e1ticos. Los semiautom\u00e1ticos son los dos modos de  prioridad, ya que en ellos nosotros fijamos un valor y la  c\u00e1mara fija otro. <\/p>\n\n\n\n<p><strong>Manual <em>M<\/em> <\/strong><\/p>\n\n\n\n<p>Es el mas b\u00e1sico de todos, aunque el menos utilizado. Carece de automatismos y por lo tanto nos permite un control  total de todos los par\u00e1metros de exposici\u00f3n; sensibilidad, velocidad y  diafragma. <\/p>\n\n\n\n<p><strong>Prioridad de apertura<em> A <\/em><\/strong>(Aperture)<\/p>\n\n\n\n<p>Nosotros fijamos un  valor de diafragma manualmente y la c\u00e1mara a trav\u00e9s de la lectura que  realiza el fot\u00f3metro calcula la velocidad adecuada para el disparo.  Nos permite la selecci\u00f3n manual de la  sensibilidad, aunque podemos fijarla en autom\u00e1tico.<\/p>\n\n\n\n<p><strong>Prioridad de velocidad <em>S o T<\/em><\/strong> (Speed o Time) <\/p>\n\n\n\n<p> Nosotros fijamos una velocidad determinada y la c\u00e1mara a trav\u00e9s de la lectura del fot\u00f3metro ajusta el diafragma adecuado. Igual que el <em>modo A<\/em> nos permite la selecci\u00f3n  manual de sensibilidad. <\/p>\n\n\n\n<p><strong>Programa <em>P<\/em><\/strong><\/p>\n\n\n\n<p>Nosotros solo tenemos control de la  sensibilidad, es la c\u00e1mara la que selecciona los valores de apertura de diafragma y velocidad, gracias a la lectura obtenida por el fot\u00f3metro.<\/p>\n\n\n\n<p><strong>Autom\u00e1tico (Auto)<\/strong><\/p>\n\n\n\n<p>En esta funci\u00f3n carecemos de control sobre los  par\u00e1metros de disparo, es la c\u00e1mara a trav\u00e9s de su programa la que controla todos y cada uno de los par\u00e1metros, incluso asumiendo el control sobre el  sistema de medici\u00f3n en muchos casos.<\/p>\n\n\n\n<p><strong>Compensaci\u00f3n de exposici\u00f3n<\/strong><\/p>\n\n\n\n<p><em>Aunque no es un modo de disparo creo que es importante el explicar su utilidad en este momento.<\/em><\/p>\n\n\n\n<p>Como hemos explicado en los modos autom\u00e1ticos o semiautom\u00e1ticos es  la c\u00e1mara la que decide el valor de la exposici\u00f3n final, por lo tanto  nosotros no dispondr\u00edamos de ning\u00fan control sobre la sobre o subexposici\u00f3n. Eso no seria correcto en algunos casos  ya que hemos comentado que la c\u00e1mara puede no leer de una forma correcta la luz que llega al  sensor o pel\u00edcula o tambi\u00e9n pude pasar que si siendo correcta no sea la  que nos interesa.<\/p>\n\n\n\n<p>Como sistema de correcci\u00f3n de la lectura de la c\u00e1mara disponemos de la  <em>compensaci\u00f3n de exposici\u00f3n<\/em>. En ella nos aparecer\u00e1 la escala del  fot\u00f3metro y nosotros podremos desplazar el \u00edndice hacia un valor positivo o negativo, fijando as\u00ed una sobre-exposici\u00f3n si queremos  aclarar las tomas o una sub-exposici\u00f3n si las queremos oscurecer. En la pantalla de informaci\u00f3n de la c\u00e1mara nos aparecer\u00e1 expresado ese valor  de forma num\u00e9rica Ej.: -0.6EV o +1EV <\/p>\n\n\n\n<p>Veamos que utilidades concretas nos  aportan unos y otros modos, para ello empezaremos de forma inversa a la  que los hemos presentado. Primero veremos los dos modos autom\u00e1ticos, a  continuaci\u00f3n los semiautom\u00e1ticos y por ultimo el manual. Creo que es la  evoluci\u00f3n natural del principiante, empezar por los sistemas mas  autom\u00e1ticos he irse complicando poco a poco.<\/p>\n\n\n\n<p><strong>Autom\u00e1tico:<\/strong> Es el mejor  sistema de no fallar en una foto, en un principio y siempre que sea una  foto \u00abnormal\u00bb. Es decir no tengamos complicaciones especiales, como  objetos en movimiento. La c\u00e1mara. siempre va a buscar unos valores medios de exposici\u00f3n correctos, si la falta luz subir\u00e1 el ISO y si le  sobra cerrara diafragma. Vamos que no nos tenemos mas que preocupar del  encuadre y disparar.<\/p>\n\n\n\n<p>En situaciones de mediciones de luz complicadas siempre podremos modificar el sistema de medici\u00f3n, si nuestra c\u00e1mara nos lo permite y as\u00ed mejorar el resultado de la toma, igualmente  podremos hacer correcciones con la compensaci\u00f3n de exposici\u00f3n.<\/p>\n\n\n\n<p><strong>Programa: <\/strong>Si bien mantenemos el automatismos de velocidad y diafragma, tenemos un control sobre la sensibilidad y sistemas de medici\u00f3n. En el cuaderno de conceptos b\u00e1sicos de la fotograf\u00eda hablamos de la influencia de subir el valor ISO en el ruido de la imagen, si aumentamos la sensibilidad aumentamos el ruido que genera la c\u00e1mara restando nitidez a la imagen. Por lo tanto el poder mantener el control  sobre el ISO es m\u00e1s importante de lo que pueda parecer en un principio.<\/p>\n\n\n\n<p>As\u00ed que es un modo mas \u00fatil que el de  autom\u00e1tico, ya que nos facilita al m\u00e1ximo la toma y a mismo tiempo nos  da un control adicional sobre la calidad, al permitirnos usar un ISO  bajo aun en condiciones de luz poco favorables y un control sobre el  sistema de medici\u00f3n.<\/p>\n\n\n\n<p><strong>Prioridad de velocidad: <\/strong>Con  las prioridades empezamos a poder jugar con las tomas de una forma  interesante. El poder controlar la velocidad de disparo nos proporciona un control importante, la capacidad de congelar la imagen o no. Si tengo un  objeto en movimiento y uso una velocidad de disparo baja por ejemplo de  1\/30s,  el objeto saldr\u00e1 movido. Si quiero que este salga est\u00e1tico tendr\u00e9 que usar una velocidad de disparo elevada 1\/500s o m\u00e1s  dependiendo de la velocidad del desplazamiento.<\/p>\n\n\n\n<p>Pero no es el \u00fanico factor a tener en cuenta a la hora de determinar una velocidad de disparo. Si usamos una \u00f3ptica  zoom, muy habitual hoy en d\u00eda y nos vamos a una focal larga, por ejemplo 300mm. Necesitaremos una velocidad de disparo alta para que la imagen  no salga movida (trepidaci\u00f3n).<\/p>\n\n\n\n<p> \u00bfPorque? Muy sencillo, imaginar que sostenemos  un palo en la mano, si el palo es muy largo y hacemos un peque\u00f1o  movimiento con la mano, ese peque\u00f1o desplazamiento se multiplica en la  punta opuesta del palo, contra mas largo sea el palo mayor ser\u00e1 ese  desplazamiento en la punta. Con las \u00f3pticas de gran longitud focal pasa exactamente lo mismo, contra mas aumentamos la distancia focal mas  largo es el palo que sostenemos y mayor ser\u00e1 la trepidaci\u00f3n en el objeto que estemos fotografiando, por lo tanto  necesitaremos mayor velocidad de disparo para poder congelar la imagen. Se considera que la  velocidad m\u00ednima de disparo es igual a una vez y media la longitud focal  usada. Es decir si usamos un teleobjetivo de 300mm la velocidad m\u00ednima  deber\u00eda de ser 1\/500s (300&#215;1,5=450 por aproximaci\u00f3n 500), de todas  formas en esto tambi\u00e9n entra el pulso de cada uno y lo efectivo que sea el estabilizador de imagen del que disponga el equipo. <\/p>\n\n\n\n<p><strong>Prioridad de apertura:<\/strong> La apertura del diafragma es uno de los factores que determina la profundidad de campo, por lo tanto poder jugar con el diafragma nos permite jugar con la profundidad de campo. <\/p>\n\n\n\n<p>En algunas ocasiones nos puede interesar una  profundidad de campo peque\u00f1a para poder resaltar un objeto determinado del resto, por ejemplo en retratos. En cambio en otras nos puede  interesar todo lo contrario, disponer de una profundidad de campo muy  amplia para conseguir que toda la imagen este enfocada, por ejemplo en  los paisajes.<\/p>\n\n\n\n<p>Este es el modo adecuado para mantener ese \ncontrol, fijaremos el diafragma que nos interese, abierto para poca \nprofundidad de campo y cerrado para mucha y la c\u00e1mara se encargar\u00e1 de \nfijar la velocidad adecuada para obtener una exposici\u00f3n correcta.<\/p>\n\n\n\n<p><strong>Manual: <\/strong>Es el modo de disparo mas simple en la c\u00e1mara ya que no interviene ning\u00fan automatismo, pero al  mismo tiempo el mas complicado de usar ya que tendremos que fijar  nosotros todos los par\u00e1metros de exposici\u00f3n.<\/p>\n\n\n\n<p>Si bien nos va a requerir un mayor tiempo el \nrealizar la toma, tambi\u00e9n nos va a permitir un mayor control en ella. Lo\n primero que tenemos que ver es como controlamos estos valores.<\/p>\n\n\n\n<div class=\"wp-block-image\"><figure class=\"aligncenter size-large\"><img loading=\"lazy\" decoding=\"async\" width=\"305\" height=\"36\" src=\"http:\/\/www.santalices.net\/blog\/wp-content\/uploads\/2020\/03\/fotometro.jpg\" alt=\"\" class=\"wp-image-93\" srcset=\"http:\/\/www.santalices.net\/blog\/wp-content\/uploads\/2020\/03\/fotometro.jpg 305w, http:\/\/www.santalices.net\/blog\/wp-content\/uploads\/2020\/03\/fotometro-300x35.jpg 300w\" sizes=\"auto, (max-width: 305px) 85vw, 305px\" \/><\/figure><\/div>\n\n\n\n<p>En esta imagen, vemos la escala de exposici\u00f3n y a  su izquierda los valores de velocidad (125) y diafragma (5.6), nos falta  la visualizaci\u00f3n del ISO. Como veis estos valores nos dan una  exposici\u00f3n correcta, el indice del fot\u00f3metro esta justo en el cero, pero si record\u00e1is en el cuaderno de conceptos  b\u00e1sicos dec\u00edamos que esta exposici\u00f3n no es \u00fanica, sino que existen otras equivalentes. <\/p>\n\n\n\n<figure class=\"wp-block-table\"><table class=\"\"><tbody><tr><td>&nbsp;<\/td><td><strong>1<\/strong><\/td><td><strong>2<\/strong><\/td><td><strong>3<\/strong><\/td><td><strong>4<\/strong><\/td><td><strong>5<\/strong><\/td><\/tr><tr><td>ISO <\/td><td>100<\/td><td>100 <\/td><td>100<\/td><td>200<\/td><td>200<\/td><\/tr><tr><td>Diafragma <\/td><td>f\/5.6<\/td><td>f\/4<\/td><td>f\/8 <\/td><td>f\/11 <\/td><td>f\/5.6 <\/td><\/tr><tr><td>Velocidad <\/td><td>1\/125<\/td><td>1\/250 <\/td><td>1\/60<\/td><td>1\/60 <\/td><td>1\/250<\/td><\/tr><\/tbody><\/table><\/figure>\n\n\n\n<p>Todas las exposiciones, o valores EV, representadas en la  tabla anterior son equivalentes entre s\u00ed, es decir son exposiciones igualmente correctas a la de la imagen anterior, pero nos dar\u00e1n  resultados distintos en cuanto a congelaci\u00f3n de imagen,  profundidad de  campo y ruido. <\/p>\n\n\n\n<p>Creo que lo mejor es que veamos un ejemplo practico. <\/p>\n\n\n\n<p>Supongamos que vamos a realizar una toma con un\n teleobjetivo de una distancia focal de 200mm y que la primera medici\u00f3n \nrealizada es la de la imagen anterior, es decir 1\/125s y f5,6 con un ISO\n 100 (columna 1) <\/p>\n\n\n\n<p>La velocidad m\u00ednima de disparo para la focal de  200mm ser\u00eda de 200&#215;1,5=300, es decir 1\/300s. Como 1\/300s no es una  velocidad est\u00e1ndar acudimos a la mas cercana que ser\u00edan 1\/250s. <\/p>\n\n\n\n<p>Por lo tanto tendr\u00edamos que subir la velocidad \nde 1\/125 a 1\/250, es decir quitar un paso de luz. El \u00edndice de la escala\n se nos desplaza a -1EV,  tendremos una foto sub-expuesta en un punto de\n luz.<\/p>\n\n\n\n<p>Para compensar ese punto de luz tenemos dos opciones, abrir el diafragma un punto f\/4 (columna 2) o subir el ISO un  punto 200 ISO (columna 5). Con lo que el \u00edndice de la escala volver\u00eda al  0. Evidentemente usaremos la que mas nos convenga, sacrificando nitidez  en el caso del ISO o profundidad de campo en el caso del diafragma.<\/p>\n\n\n\n<p>Como veis no es tan complicado, requiere un  poco de practica, pero tenemos  un aliado important\u00edsimo para trabajar  en este modo que es el fot\u00f3metro, el nos ir\u00e1 dando en todo momento la  informaci\u00f3n exacta de como tenemos la exposici\u00f3n, permiti\u00e9ndonos hacer  las correcciones oportunas.<\/p>\n\n\n\n<p>Si en lugar de trabajar en manual estuvi\u00e9semos trabajando con prioridad de velocidad, simplemente fijar\u00edamos la  velocidad de 1\/250 y seria la c\u00e1mara la que har\u00eda el resto de ajustes. <\/p>\n\n\n\n<p><strong>Modos de escena <\/strong><\/p>\n\n\n\n<p>Los modos de escena son modos totalmente \nautom\u00e1ticos e incluyen los sistemas de medici\u00f3n mas apropiados para el \ntipo de escena que vamos a fotografiar, igualmente pueden variar el \nbalance de blancos con el fin de conseguir unos resultados mas \nsatisfactorios. No nos permiten ning\u00fan tipo de ajuste, pero a cambio nos\n garantizan una fotograf\u00eda con una exposici\u00f3n casi perfecta.<\/p>\n\n\n\n<p>Como comentamos anteriormente no son unos modos est\u00e1ndar, si no que cada fabricante y cada modelo incorporan los suyos propios y con los par\u00e1metros concretos que consideran oportunos. Por lo  tanto pueden haber diferencias entre una c\u00e1mara y otra. De todas formas hay unos que son los mas habituales y se comportan casi igual en todas  las c\u00e1maras, por lo que vamos a centrarnos en ellos. <\/p>\n\n\n\n<figure class=\"wp-block-table alignleft\"><table class=\"\"><tbody><tr><td><img loading=\"lazy\" decoding=\"async\" width=\"42\" height=\"30\" class=\"wp-image-94\" style=\"width: 42px;\" src=\"http:\/\/www.santalices.net\/blog\/wp-content\/uploads\/2020\/03\/icono1.jpg\" alt=\"\"><\/td><td> <strong>Retrato:<\/strong>    profundidad de campo peque\u00f1a, diafragma muy abierto, para conseguir un    desenfoque de fondo. Lo normal es que use una medici\u00f3n puntual o de  \u00e1rea   reducida, para favorecer el enfoque en un plano corto.   <\/td><\/tr><tr><td><img loading=\"lazy\" decoding=\"async\" width=\"39\" height=\"29\" class=\"wp-image-95\" style=\"width: 39px;\" src=\"http:\/\/www.santalices.net\/blog\/wp-content\/uploads\/2020\/03\/icono2.jpg\" alt=\"\"><\/td><td> <strong>Paisaje:<\/strong>  Gran   profundidad de campo, diafragmas cerrados, medici\u00f3n matricial.  Para   garantizar una gran profundidad de campo y un enfoque amplio.   <\/td><\/tr><tr><td><img loading=\"lazy\" decoding=\"async\" width=\"36\" height=\"30\" class=\"wp-image-96\" style=\"width: 36px;\" src=\"http:\/\/www.santalices.net\/blog\/wp-content\/uploads\/2020\/03\/icono3.jpg\" alt=\"\"><\/td><td> <strong>Deporte<\/strong>:    Velocidades de obturaci\u00f3n altas, enfoque autom\u00e1tico continuo. Destinada    a a sacar objetos en movimiento, por ello se prioriza la velocidad y  se   usa un enfoque continuo para poder seguir los objetos con la  c\u00e1mara. <\/td><\/tr><tr><td><img loading=\"lazy\" decoding=\"async\" width=\"39\" height=\"35\" class=\"wp-image-101\" style=\"width: 39px;\" src=\"http:\/\/www.santalices.net\/blog\/wp-content\/uploads\/2020\/03\/icono8.jpg\" alt=\"\"><\/td><td> <strong>Macro<\/strong>:  Solo  disponible en c\u00e1maras compactas, reduce la distancia de enfoque,  busca  diafragmas cerrados para compensar la poca profundidad de campo  que  significa la poca distancia al objeto.  <\/td><\/tr><tr><td><img loading=\"lazy\" decoding=\"async\" width=\"42\" height=\"38\" class=\"wp-image-100\" style=\"width: 42px;\" src=\"http:\/\/www.santalices.net\/blog\/wp-content\/uploads\/2020\/03\/icono7.jpg\" alt=\"\"><\/td><td><strong>Puesta de so<\/strong>l:\n Medici\u00f3n matricial, tiende a sub-exponer, para acentuar el efecto \ncontraluz y favorecer las sombras marcadas. Ajusta el balance de blancos\n a un punto mas c\u00e1lido para favorecer los tonos rojizos. <\/td><\/tr><tr><td><img loading=\"lazy\" decoding=\"async\" width=\"41\" height=\"35\" class=\"wp-image-99\" style=\"width: 41px;\" src=\"http:\/\/www.santalices.net\/blog\/wp-content\/uploads\/2020\/03\/icono6.jpg\" alt=\"\"><\/td><td><strong>Retrato nocturno<\/strong>:\n Sensibilidad ISO al m\u00ednimo disponible, combina una exposici\u00f3n larga \npara sacar el fondo con un disparo de flahs en el ultimo momento \n(cortinilla trasera) para sacar la persona en primer plano. <\/td><\/tr><tr><td><img loading=\"lazy\" decoding=\"async\" width=\"38\" height=\"31\" class=\"wp-image-98\" style=\"width: 38px;\" src=\"http:\/\/www.santalices.net\/blog\/wp-content\/uploads\/2020\/03\/icono5.jpg\" alt=\"\"><\/td><td><strong>Retrato con paisaje<\/strong>:\n Es una variante del paisaje, busca todav\u00eda una mayor profundidad de \ncampo cerrando mas el diafragma, para poder sacar tanto a la persona en \nprimer plano como el paisaje al fondo. Medici\u00f3n matricial. <\/td><\/tr><tr><td><img loading=\"lazy\" decoding=\"async\" width=\"41\" height=\"35\" class=\"wp-image-99\" style=\"width: 41px;\" src=\"http:\/\/www.santalices.net\/blog\/wp-content\/uploads\/2020\/03\/icono6.jpg\" alt=\"\"><\/td><td><strong>Paisaje nocturno<\/strong>:\n Tiempo largo de exposici\u00f3n, necesario tr\u00edpode, usa ISO bajo para \ncontrarrestar el ruido que se produce en las zonas oscuras. Medici\u00f3n \nmatricial <\/td><\/tr><\/tbody><\/table><\/figure>\n\n\n\n<p>Sabiendo como funcionan podemos sacarles el \nmayor partido incluso usarlos en situaciones que a priori no son para \nlas que est\u00e1n pensadas.<\/p>\n\n\n\n<p>Por ejemplo: <\/p>\n\n\n\n<p><strong><em>Deporte<\/em><\/strong>, nos sirve en cualquier situaci\u00f3n en la  que tengamos objetos en movimiento. Si queremos fotografiar un ave en pleno vuelo o incluso a un ni\u00f1o jugando en un parque.<\/p>\n\n\n\n<p><em><strong>Paisaje<\/strong><\/em>, cualquier situaci\u00f3n en la que tengamos que sacar espacios amplios con una gran profundidad de campo como  puede ser una foto de un grupo amplio.<\/p>\n\n\n\n<p><em><strong>Retrato,<\/strong><\/em> no necesariamente tiene que ser de una  persona, puede ser un animal incluso una planta o un bodeg\u00f3n, es decir cualquier situaci\u00f3n en la que tengamos un motivo central y nos interese  aislarlo del resto. <\/p>\n","protected":false},"excerpt":{"rendered":"<p>En todas las c\u00e1maras actuales disponemos de m\u00faltiples modos de disparo. Esto a veces es un verdadero quebradero de cabeza, pues nos encontramos perdidos con tanto sistema de disparo. \u00bfPara que sirven? \u00bfCual utilizar? esa son las respuestas que voy a tratar de aportar. Para ello lo primero ser\u00e1 ver que hacen cada uno de &hellip; <a href=\"http:\/\/www.santalices.net\/blog\/indice\/indice-2\/modos-de-disparo\/\" class=\"more-link\">Continuar leyendo<span class=\"screen-reader-text\"> \u00abModos de disparo\u00bb<\/span><\/a><\/p>\n","protected":false},"author":1,"featured_media":0,"parent":207,"menu_order":5,"comment_status":"closed","ping_status":"closed","template":"","meta":{"footnotes":""},"class_list":["post-104","page","type-page","status-publish","hentry"],"_links":{"self":[{"href":"http:\/\/www.santalices.net\/blog\/wp-json\/wp\/v2\/pages\/104","targetHints":{"allow":["GET"]}}],"collection":[{"href":"http:\/\/www.santalices.net\/blog\/wp-json\/wp\/v2\/pages"}],"about":[{"href":"http:\/\/www.santalices.net\/blog\/wp-json\/wp\/v2\/types\/page"}],"author":[{"embeddable":true,"href":"http:\/\/www.santalices.net\/blog\/wp-json\/wp\/v2\/users\/1"}],"replies":[{"embeddable":true,"href":"http:\/\/www.santalices.net\/blog\/wp-json\/wp\/v2\/comments?post=104"}],"version-history":[{"count":4,"href":"http:\/\/www.santalices.net\/blog\/wp-json\/wp\/v2\/pages\/104\/revisions"}],"predecessor-version":[{"id":109,"href":"http:\/\/www.santalices.net\/blog\/wp-json\/wp\/v2\/pages\/104\/revisions\/109"}],"up":[{"embeddable":true,"href":"http:\/\/www.santalices.net\/blog\/wp-json\/wp\/v2\/pages\/207"}],"wp:attachment":[{"href":"http:\/\/www.santalices.net\/blog\/wp-json\/wp\/v2\/media?parent=104"}],"curies":[{"name":"wp","href":"https:\/\/api.w.org\/{rel}","templated":true}]}}