{"id":12,"date":"2020-03-22T12:28:56","date_gmt":"2020-03-22T11:28:56","guid":{"rendered":"http:\/\/www.santalices.net\/blog\/?page_id=12"},"modified":"2023-07-15T11:39:05","modified_gmt":"2023-07-15T10:39:05","slug":"indice","status":"publish","type":"page","link":"http:\/\/www.santalices.net\/blog\/","title":{"rendered":"Cuadernos de fotograf\u00eda"},"content":{"rendered":"\n<div class=\"wp-block-group\"><div class=\"wp-block-group__inner-container is-layout-flow wp-block-group-is-layout-flow\">\n<p>La fotograf\u00eda es algo que siempre ha estado a mi alrededor, en los a\u00f1os sesenta, cuando era solo un crio, mi padre ya tenia su c\u00e1mara de fotos que a\u00fan debe andar en alg\u00fan rinc\u00f3n de su casa, una antigua WERLISA Color con su funda de piel marr\u00f3n. No\u00e9l no era un profesional de la fotograf\u00eda era uno de los modestos aficionados que entonces hab\u00eda en este pa\u00eds.<\/p>\n\n\n\n<p>Lo recuerdo domingos por la ma\u00f1ana en el comedor de casa, antes de que se levantasen mis hermanos, haciendo multiexposiciones o jugando con los filtros. De \u00e9l nace mi afici\u00f3n.<\/p>\n\n\n\n<p>De adolescente ya nos dejaba su c\u00e1mara de fotos a todos los\nhermanos, entonces ten\u00edamos un laboratorio montado en casa y todo, aprendimos\nmucho pero era muy caro de mantener, as\u00ed que acabo desmontado y en un rinc\u00f3n.<\/p>\n\n\n\n<p>Despu\u00e9s de casarme retome la afici\u00f3n pero fue con la llegada\ndel mundo digital y el abaratamiento que represento de esta afici\u00f3n cuando\nrealmente pude volcarme con mas fuerza en \u00e9l<\/p>\n\n\n\n<p>Con esto os quiero decir que mi formaci\u00f3n es puramente\nautodidacta, seguro que quien haya tenido la oportunidad de estudiar fotograf\u00eda\ndiscrepar\u00e1 en cosas,pero en otras coincidir\u00e1.<\/p>\n\n\n\n<p>Lo que expongo aqu\u00ed es solo el fruto de mi aprendizaje y mi esfuerzo, ni son ni he pretendido en ning\u00fan momento que sean cursos, son unos simples cuadernos en los que explico de una forma sencilla los que considero conocimientos b\u00e1sicos sobre fotograf\u00eda para as\u00ed poder empezar a sacar partido a nuestra c\u00e1mara y no limitarnos a usarla siempre en modo autom\u00e1tico, ya que por buenos que sean los programas autom\u00e1ticos, que lo son, no siempre son capaces de solucionar bien todas las situaciones.<\/p>\n\n\n\n<p>Los cuadernos est\u00e1n divididos en dos bloques, el primero trata de la c\u00e1mara sus ajustes y sus objetivos, todo lo referente a como tomar la foto. En el segundo bloque expongo unos conocimientos b\u00e1sicos de retoque fotogr\u00e1fico en PhotoShop, espero que os sean de interes<\/p>\n\n\n\n<p>Gracias por leerme<\/p>\n<\/div><\/div>\n","protected":false},"excerpt":{"rendered":"<p>La fotograf\u00eda es algo que siempre ha estado a mi alrededor, en los a\u00f1os sesenta, cuando era solo un crio, mi padre ya tenia su c\u00e1mara de fotos que a\u00fan debe andar en alg\u00fan rinc\u00f3n de su casa, una antigua WERLISA Color con su funda de piel marr\u00f3n. No\u00e9l no era un profesional de la &hellip; <a href=\"http:\/\/www.santalices.net\/blog\/\" class=\"more-link\">Continuar leyendo<span class=\"screen-reader-text\"> \u00abCuadernos de fotograf\u00eda\u00bb<\/span><\/a><\/p>\n","protected":false},"author":1,"featured_media":0,"parent":0,"menu_order":0,"comment_status":"closed","ping_status":"closed","template":"","meta":{"footnotes":""},"class_list":["post-12","page","type-page","status-publish","hentry"],"_links":{"self":[{"href":"http:\/\/www.santalices.net\/blog\/wp-json\/wp\/v2\/pages\/12","targetHints":{"allow":["GET"]}}],"collection":[{"href":"http:\/\/www.santalices.net\/blog\/wp-json\/wp\/v2\/pages"}],"about":[{"href":"http:\/\/www.santalices.net\/blog\/wp-json\/wp\/v2\/types\/page"}],"author":[{"embeddable":true,"href":"http:\/\/www.santalices.net\/blog\/wp-json\/wp\/v2\/users\/1"}],"replies":[{"embeddable":true,"href":"http:\/\/www.santalices.net\/blog\/wp-json\/wp\/v2\/comments?post=12"}],"version-history":[{"count":11,"href":"http:\/\/www.santalices.net\/blog\/wp-json\/wp\/v2\/pages\/12\/revisions"}],"predecessor-version":[{"id":280,"href":"http:\/\/www.santalices.net\/blog\/wp-json\/wp\/v2\/pages\/12\/revisions\/280"}],"wp:attachment":[{"href":"http:\/\/www.santalices.net\/blog\/wp-json\/wp\/v2\/media?parent=12"}],"curies":[{"name":"wp","href":"https:\/\/api.w.org\/{rel}","templated":true}]}}