{"id":149,"date":"2020-03-25T20:31:56","date_gmt":"2020-03-25T19:31:56","guid":{"rendered":"http:\/\/www.santalices.net\/blog\/?page_id=149"},"modified":"2023-07-15T11:41:26","modified_gmt":"2023-07-15T10:41:26","slug":"el-histograma","status":"publish","type":"page","link":"http:\/\/www.santalices.net\/blog\/indice\/indice-2\/el-histograma\/","title":{"rendered":"El histograma"},"content":{"rendered":"\n<p>Todos hemos o\u00eddo hablar del histograma, <em>\u00bfpero que es realmente y que utilidad tiene?<\/em><\/p>\n\n\n\n<p><strong>\u00bfQue es? <\/strong><\/p>\n\n\n\n<p>El histograma no es mas que una representaci\u00f3n  cartesiana de la luminosidad de una imagen. Dicho as\u00ed asusta un poco  pero ya ver\u00e9is que no es para tanto. <\/p>\n\n\n\n<p>Empecemos por un peque\u00f1o repaso de matem\u00e1ticas.\n Una representaci\u00f3n cartesiana es un gr\u00e1fico, en nuestro caso plano, con\n dos ejes el <strong>X<\/strong> horizontal y el <strong>Y<\/strong> vertical. <\/p>\n\n\n\n<div class=\"wp-block-media-text alignwide\"><figure class=\"wp-block-media-text__media\"><img loading=\"lazy\" decoding=\"async\" width=\"288\" height=\"192\" src=\"http:\/\/www.santalices.net\/blog\/wp-content\/uploads\/2020\/03\/image002.gif\" alt=\"\" class=\"wp-image-168\"\/><\/figure><div class=\"wp-block-media-text__content\">\n<p> Empecemos por un peque\u00f1o repaso de matem\u00e1ticas.  Una representaci\u00f3n  cartesiana es un gr\u00e1fico, en nuestro caso plano, con  dos ejes el <strong>X<\/strong> horizontal y el <strong>Y<\/strong> vertical.  <\/p>\n<\/div><\/div>\n\n\n\n<p>En el eje horizontal (X) se representan los 256\n valores de luminosidad de la imagen (0 para negro, izquierda y 255 para\n blanco, derecha), mientras que el el eje vertical (Y) se representa la \ncantidad de  veces que se repite ese valor. Lo mas normal es que \nmientras el eje <strong>X<\/strong> representa siempre la totalidad de los valores, el eje <strong>Y<\/strong> se auto ajusta de forma que nos de una mejor visi\u00f3n  de los valores. <\/p>\n\n\n\n<div class=\"wp-block-media-text alignwide has-media-on-the-right\" style=\"grid-template-columns:auto 23%\"><figure class=\"wp-block-media-text__media\"><img loading=\"lazy\" decoding=\"async\" width=\"100\" height=\"100\" src=\"http:\/\/www.santalices.net\/blog\/wp-content\/uploads\/2020\/03\/1color.gif\" alt=\"\" class=\"wp-image-150\"\/><\/figure><div class=\"wp-block-media-text__content\">\n<p> De esta forma un histograma de una imagen con  un \u00fanico y uniforme color  ser\u00e1 una \u00fanica l\u00ednea vertical, como podemos ver en la siguiente imagen. <\/p>\n<\/div><\/div>\n\n\n\n<div class=\"wp-block-media-text alignwide\" style=\"grid-template-columns:56% auto\"><figure class=\"wp-block-media-text__media\"><img loading=\"lazy\" decoding=\"async\" width=\"295\" height=\"225\" src=\"http:\/\/www.santalices.net\/blog\/wp-content\/uploads\/2020\/03\/histograma1.gif\" alt=\"\" class=\"wp-image-152\"\/><\/figure><div class=\"wp-block-media-text__content\">\n<p> El histograma es de un gris medio por lo tanto la l\u00ednea esta en el centro del eje<strong> X<\/strong>, ocupa la totalidad de la imagen por lo tanto en el eje <strong>Y<\/strong>  llega hasta arriba. Si la imagen fuese blanca la l\u00ednea estar\u00eda a la   derecha (valor 255) y si fuese negra (valor 0) estar\u00eda a la izquierda. <\/p>\n<\/div><\/div>\n\n\n\n<p><strong>El Histograma y las fotos <\/strong><\/p>\n\n\n\n<p>Sobre el histograma se habla mucho, que si  derechear, que si tiene que ser una monta\u00f1a suave en el centro, si que  es importante que no este cortado. <strong>\u00bfPero realmente como tienen que ser  un histograma?<\/strong> Es mas<strong> \u00bfPodemos valorar una foto en base a su histograma?<\/strong><\/p>\n\n\n\n<p>La respuesta a la segunda pregunta es sencilla;  si y no. Con el histograma solo no podemos apreciar nada, es como si decimos que una habitaci\u00f3n mide 4m x 6m, \u00bfsabemos como es la habitaci\u00f3n?  no, porque los valores por si solos no dicen gran cosa. Necesitamos ver  la habitaci\u00f3n para poder valorar junto a los datos. <\/p>\n\n\n\n<p>La respuesta a la primera pregunta es \n\u00abdepende\u00bb, no todas la im\u00e1genes son iguales y en consecuencia no todos \nlos histogramas ser\u00e1n iguales.<\/p>\n\n\n\n<p>Pasemos a ver distintas im\u00e1genes y analicemos sus histogramas.<\/p>\n\n\n\n<div class=\"wp-block-image\"><figure class=\"aligncenter size-large\"><img loading=\"lazy\" decoding=\"async\" width=\"500\" height=\"332\" src=\"http:\/\/www.santalices.net\/blog\/wp-content\/uploads\/2020\/03\/histograma2.jpg\" alt=\"\" class=\"wp-image-154\" srcset=\"http:\/\/www.santalices.net\/blog\/wp-content\/uploads\/2020\/03\/histograma2.jpg 500w, http:\/\/www.santalices.net\/blog\/wp-content\/uploads\/2020\/03\/histograma2-300x199.jpg 300w\" sizes=\"auto, (max-width: 500px) 85vw, 500px\" \/><\/figure><\/div>\n\n\n\n<figure class=\"wp-block-image size-large\"><img loading=\"lazy\" decoding=\"async\" width=\"279\" height=\"153\" src=\"http:\/\/www.santalices.net\/blog\/wp-content\/uploads\/2020\/03\/histograma2.gif\" alt=\"\" class=\"wp-image-153\"\/><\/figure>\n\n\n\n<p> Digamos que es lo que pod\u00edamos considerar una  imagen tipo, la foto  tiene un poco bajo el horizonte pero nos sirve para  el an\u00e1lisis. En la  foto existe una buena gama de luminosidad; tonos  claros de la monta\u00f1a y  el cielo, tonos medios y medios-oscuros en el  prado y las sombras en  la monta\u00f1a y entre los matorrales. Existen  algunos blancos absolutos,  la nieve en la monta\u00f1a, que corresponden al  peque\u00f1o repunte que hay en  el extremo derecho y no hay negros absolutos,  por lo que no hay  informaci\u00f3n en el extremo izquierdo.  <\/p>\n\n\n\n<p>Digamos que es lo que pod\u00edamos considerar una \nimagen tipo, la foto tiene un poco bajo el horizonte pero nos sirve para\n el an\u00e1lisis. En la foto existe una buena gama de luminosidad; tonos \nclaros de la monta\u00f1a y el cielo, tonos medios y medios-oscuros en el \nprado y las sombras en la monta\u00f1a y entre los matorrales. Existen \nalgunos blancos absolutos, la nieve en la monta\u00f1a, que corresponden al \npeque\u00f1o repunte que hay en el extremo derecho y no hay negros absolutos,\n por lo que no hay informaci\u00f3n en el extremo izquierdo. <\/p>\n\n\n\n<p>Pero este tipo de histograma no lo podemos ver en todas las foto y eso no significa que no tengan una exposici\u00f3n correcta. <\/p>\n\n\n\n<p>Veamos ahora una foto de alto contraste <\/p>\n\n\n\n<div class=\"wp-block-image\"><figure class=\"aligncenter size-large\"><img loading=\"lazy\" decoding=\"async\" width=\"399\" height=\"600\" src=\"http:\/\/www.santalices.net\/blog\/wp-content\/uploads\/2020\/03\/histograma3.jpg\" alt=\"\" class=\"wp-image-156\" srcset=\"http:\/\/www.santalices.net\/blog\/wp-content\/uploads\/2020\/03\/histograma3.jpg 399w, http:\/\/www.santalices.net\/blog\/wp-content\/uploads\/2020\/03\/histograma3-200x300.jpg 200w\" sizes=\"auto, (max-width: 399px) 85vw, 399px\" \/><figcaption> foto de <strong>Carles Rivas<\/strong> (Rodamon en Minltaspain). <\/figcaption><\/figure><\/div>\n\n\n\n<figure class=\"wp-block-image size-large\"><img loading=\"lazy\" decoding=\"async\" width=\"279\" height=\"153\" src=\"http:\/\/www.santalices.net\/blog\/wp-content\/uploads\/2020\/03\/histograma3.gif\" alt=\"\" class=\"wp-image-155\"\/><\/figure>\n\n\n\n<p>Vemos como el histograma se nos llena a la  izquierda debido a la gran cantidad de tonos oscuros que hay en la toma,  una peque\u00f1a loma casi a la derecha del histograma que corresponde a los tonos mas oscuros y como va descendiendo hacia los pocos blancos del pa\u00f1uelo  que hay.<\/p>\n\n\n\n<p>Una foto de alto contraste tambi\u00e9n pero con dominante clara.<\/p>\n\n\n\n<div class=\"wp-block-image\"><figure class=\"aligncenter size-large\"><img loading=\"lazy\" decoding=\"async\" width=\"500\" height=\"332\" src=\"http:\/\/www.santalices.net\/blog\/wp-content\/uploads\/2020\/03\/histograma4.jpg\" alt=\"\" class=\"wp-image-158\" srcset=\"http:\/\/www.santalices.net\/blog\/wp-content\/uploads\/2020\/03\/histograma4.jpg 500w, http:\/\/www.santalices.net\/blog\/wp-content\/uploads\/2020\/03\/histograma4-300x199.jpg 300w\" sizes=\"auto, (max-width: 500px) 85vw, 500px\" \/><figcaption>  foto de  <strong>Mikel Costa<\/strong> (Digimik en Minoltaspain) y el modelo   Xabi Perurena. <\/figcaption><\/figure><\/div>\n\n\n\n<figure class=\"wp-block-image size-large\"><img loading=\"lazy\" decoding=\"async\" width=\"279\" height=\"153\" src=\"http:\/\/www.santalices.net\/blog\/wp-content\/uploads\/2020\/03\/histograma4.gif\" alt=\"\" class=\"wp-image-157\"\/><\/figure>\n\n\n\n<p>Vemos como el reparto del histograma es \ntotalmente opuesto a la anterior, tenemos unos peque\u00f1os picos a la \nderecha correspondientes a los negros mas intensos, el gran pico de la \nderecha que corresponde a la roca posterior y un peque\u00f1o pico mas suave a\n la derecha del todo que corresponde a la chaqueta.<\/p>\n\n\n\n<p>Que pasa cuando hablamos de contraluces o contrastes extremos.<\/p>\n\n\n\n<div class=\"wp-block-image\"><figure class=\"aligncenter size-large\"><img loading=\"lazy\" decoding=\"async\" width=\"399\" height=\"600\" src=\"http:\/\/www.santalices.net\/blog\/wp-content\/uploads\/2020\/03\/histograma8.jpg\" alt=\"\" class=\"wp-image-166\" srcset=\"http:\/\/www.santalices.net\/blog\/wp-content\/uploads\/2020\/03\/histograma8.jpg 399w, http:\/\/www.santalices.net\/blog\/wp-content\/uploads\/2020\/03\/histograma8-200x300.jpg 200w\" sizes=\"auto, (max-width: 399px) 85vw, 399px\" \/><\/figure><\/div>\n\n\n\n<figure class=\"wp-block-image size-large\"><img loading=\"lazy\" decoding=\"async\" width=\"279\" height=\"153\" src=\"http:\/\/www.santalices.net\/blog\/wp-content\/uploads\/2020\/03\/histograma8.gif\" alt=\"\" class=\"wp-image-165\"\/><\/figure>\n\n\n\n<p>Aqu\u00ed vemos como la informaci\u00f3n se acumula en  los extremos. Las luces no llegan a estar pasadas, todav\u00eda conservan  informaci\u00f3n aunque como demuestra el histograma est\u00e1n al limite. Lo  mismo pasa con los negros todav\u00eda quedar\u00eda algo de margen antes de llegar al limite, como demuestra el histograma, pero estamos ya muy  cerca. <\/p>\n\n\n\n<p>Un histograma mas curioso. <\/p>\n\n\n\n<div class=\"wp-block-image\"><figure class=\"aligncenter size-large\"><img loading=\"lazy\" decoding=\"async\" width=\"500\" height=\"332\" src=\"http:\/\/www.santalices.net\/blog\/wp-content\/uploads\/2020\/03\/histograma5.jpg\" alt=\"\" class=\"wp-image-160\" srcset=\"http:\/\/www.santalices.net\/blog\/wp-content\/uploads\/2020\/03\/histograma5.jpg 500w, http:\/\/www.santalices.net\/blog\/wp-content\/uploads\/2020\/03\/histograma5-300x199.jpg 300w\" sizes=\"auto, (max-width: 500px) 85vw, 500px\" \/><\/figure><\/div>\n\n\n\n<figure class=\"wp-block-image size-large\"><img loading=\"lazy\" decoding=\"async\" width=\"279\" height=\"153\" src=\"http:\/\/www.santalices.net\/blog\/wp-content\/uploads\/2020\/03\/histograma5.gif\" alt=\"\" class=\"wp-image-159\"\/><\/figure>\n\n\n\n<p>En esta ocasi\u00f3n se nos forman tres picos a la derecha, evidentemente la foto tiene una dominante clara por el cielo pero en este los tonos no son uniformes, con la reducci\u00f3n de tama\u00f1o no se aprecia de una forma tan clara como al natural, pero se intuyen perfectamente que hay unas finas nubes de color claro y los pechos de  los p\u00e1jaros casi blancos, eso nos genera los tres picos de la derecha, mientras que los cables casi negros y las alas de las golondrinas nos  generan la poca informaci\u00f3n de la izquierda. <\/p>\n\n\n\n<p>Esta es quiz\u00e1s la que mas me ha costado de encontrar, un histograma perfecto con una foto que no lo es<\/p>\n\n\n\n<div class=\"wp-block-image\"><figure class=\"aligncenter size-large\"><img loading=\"lazy\" decoding=\"async\" width=\"500\" height=\"332\" src=\"http:\/\/www.santalices.net\/blog\/wp-content\/uploads\/2020\/03\/histograma6.jpg\" alt=\"\" class=\"wp-image-162\" srcset=\"http:\/\/www.santalices.net\/blog\/wp-content\/uploads\/2020\/03\/histograma6.jpg 500w, http:\/\/www.santalices.net\/blog\/wp-content\/uploads\/2020\/03\/histograma6-300x199.jpg 300w\" sizes=\"auto, (max-width: 500px) 85vw, 500px\" \/><\/figure><\/div>\n\n\n\n<figure class=\"wp-block-image size-large\"><img loading=\"lazy\" decoding=\"async\" width=\"279\" height=\"153\" src=\"http:\/\/www.santalices.net\/blog\/wp-content\/uploads\/2020\/03\/histograma6.gif\" alt=\"\" class=\"wp-image-161\"\/><\/figure>\n\n\n\n<p>Es una foto que esta claramente sobrexpuesta, en cambio el histograma es casi perfecto, salvo por la l\u00ednea vertical  de la derecha que corresponde a los blancos de los troncos de los  \u00e1rboles. \u00bfPorque sale un buen histograma si la foto esta sobre expuesta? pues porque la foto tiene una gran gama de tonos intermedios, pero todos y cada uno de los tonos est\u00e1n por encima del valor ideal de esta toma concreta. <\/p>\n\n\n\n<div class=\"wp-block-image\"><figure class=\"aligncenter size-large\"><img loading=\"lazy\" decoding=\"async\" width=\"500\" height=\"332\" src=\"http:\/\/www.santalices.net\/blog\/wp-content\/uploads\/2020\/03\/histograma7.jpg\" alt=\"\" class=\"wp-image-164\" srcset=\"http:\/\/www.santalices.net\/blog\/wp-content\/uploads\/2020\/03\/histograma7.jpg 500w, http:\/\/www.santalices.net\/blog\/wp-content\/uploads\/2020\/03\/histograma7-300x199.jpg 300w\" sizes=\"auto, (max-width: 500px) 85vw, 500px\" \/><\/figure><\/div>\n\n\n\n<figure class=\"wp-block-image size-large\"><img loading=\"lazy\" decoding=\"async\" width=\"279\" height=\"153\" src=\"http:\/\/www.santalices.net\/blog\/wp-content\/uploads\/2020\/03\/histograma7.gif\" alt=\"\" class=\"wp-image-163\"\/><\/figure>\n\n\n\n<p>La misma  foto con  un ajuste de curvas,  buscando una luminosidad mas adecuada para la toma, nos genera un  histograma desplazado a la izquierda, ya que hay una dominante de  sombras en la monta\u00f1a del fondo. El histograma no es tan perfecto pero la mejor\u00eda de la foto es evidente. <\/p>\n\n\n\n<p><strong>Conclusiones<\/strong><\/p>\n\n\n\n<p>Entonces \u00bfque hacemos con el histograma? \u00bfpasamos de \u00e9l directamente? \u00bfcomo podemos sacarle partido? <\/p>\n\n\n\n<p>Vistas las muestras anteriores, lo primero y mas evidente es que cada foto genera su propio y caracter\u00edstico histograma, por lo tanto y siempre bajo mi punto de vista, tratar de ajustar una exposici\u00f3n en base a \u00e9l es un error, la exposici\u00f3n hay que ajustarla en base al fot\u00f3metro\/expos\u00edmetro.<\/p>\n\n\n\n<p>Debemos entender que cuando o\u00edmos hablar de \n\u00abderechear el histograma\u00bb, t\u00e9cnica muy aconsejada para trabajar en RAW, \nen realidad lo que debemos de hacer es trabajar con una ligera sobre \nexposici\u00f3n, es decir desplazando el \u00edndice del expos\u00edmetro a la derecha.\n <\/p>\n\n\n\n<p>La comprobaci\u00f3n del histograma desde la c\u00e1mara  es muy \u00fatil para determinar si nos hemos pasado con las luces altas o bajas, pero poco mas. En estos caso los extremos del histograma aparecer\u00e1n cortados, pero no debemos de obsesionarnos con la forma del  mismo. Con el paso del tiempo y a base de ir viendo muchas fotos y sus  histogramas si que podremos llegar a valorar la foto compar\u00e1ndola con su  histograma. <\/p>\n\n\n\n<p>En cambio durante el proceso de edici\u00f3n es cuando el histograma tiene un gran valor, teni\u00e9ndolo siempre a la vista  podemos ver como vamos modificando la curva del histograma al tiempo que  vamos modificando la imagen, evitando pasarnos de luces o sombras y\/o dejar huecos (zonas sin informaci\u00f3n) demasiado importantes que nos  restar\u00edan gama tonal. <\/p>\n\n\n\n<p>Podemos tomar el ejemplo de ajustes de niveles del cuaderno de ajustes:<\/p>\n\n\n\n<figure class=\"wp-block-image size-large\"><img loading=\"lazy\" decoding=\"async\" width=\"350\" height=\"276\" src=\"http:\/\/www.santalices.net\/blog\/wp-content\/uploads\/2020\/03\/niveles-2.png\" alt=\"\" class=\"wp-image-169\" srcset=\"http:\/\/www.santalices.net\/blog\/wp-content\/uploads\/2020\/03\/niveles-2.png 350w, http:\/\/www.santalices.net\/blog\/wp-content\/uploads\/2020\/03\/niveles-2-300x237.png 300w\" sizes=\"auto, (max-width: 350px) 85vw, 350px\" \/><\/figure>\n\n\n\n<p>Si recortamos los niveles al inicio y final de  la \u00abloma\u00bb central veremos que la foto gana en amplitud tonal. Si al  modificar vemos que la zona de informaci\u00f3n se nos corta, significa que  estamos perdiendo informaci\u00f3n pues convertiremos valores medios (por  ejemplo de 200) en valores limite (255). Os recomiendo que deis un  vistazo al cuaderno de ajustes para mayor comprensi\u00f3n del tema. <\/p>\n\n\n\n<p><strong>Tipos de histogramas<\/strong><\/p>\n\n\n\n<p>Hasta ahora hemos visto solo los histogramas en  RGB, es decir la combinaci\u00f3n de los tres canales de color, pero tambi\u00e9n  podemos ver los histogramas por canales, ya sean superpuestos o de  forma individual. <\/p>\n\n\n\n<figure class=\"wp-block-image size-large\"><img loading=\"lazy\" decoding=\"async\" width=\"278\" height=\"157\" src=\"http:\/\/www.santalices.net\/blog\/wp-content\/uploads\/2020\/03\/histograma9.gif\" alt=\"\" class=\"wp-image-167\"\/><\/figure>\n\n\n\n<p>Un histograma con los tres canales de color en  visi\u00f3n simultanea, Rojo, Verde y Azul. La zona gris corresponde a la  intersecci\u00f3n de los tres canales, la azul clara al intersecci\u00f3n del Azul  y Verde, la amarilla al verde y rojo y la fuxia a Azul y Rojo. Es como lo  representa el Photoshop, otro programas lo pueden hacer de otra forma.<\/p>\n\n\n\n<div class=\"wp-block-media-text alignwide\"><figure class=\"wp-block-media-text__media\"><img loading=\"lazy\" decoding=\"async\" width=\"180\" height=\"133\" src=\"http:\/\/www.santalices.net\/blog\/wp-content\/uploads\/2020\/03\/histograma_camara.gif\" alt=\"\" class=\"wp-image-151\"\/><\/figure><div class=\"wp-block-media-text__content\">\n<p> Esta  es una vision de pantalla de una Sony A350, como la mayor\u00eda de  las  c\u00e1maras actuales se opta por dar el histograma de los tres canales  mas  el RGB. <\/p>\n<\/div><\/div>\n\n\n\n<p>La vista de los canales por separado permite  todav\u00eda un mayor control de la distribuci\u00f3n de la luz, incluso en  comparaci\u00f3n con la foto apreciar si existen dominantes de color.<\/p>\n","protected":false},"excerpt":{"rendered":"<p>Todos hemos o\u00eddo hablar del histograma, \u00bfpero que es realmente y que utilidad tiene? \u00bfQue es? El histograma no es mas que una representaci\u00f3n cartesiana de la luminosidad de una imagen. Dicho as\u00ed asusta un poco pero ya ver\u00e9is que no es para tanto. Empecemos por un peque\u00f1o repaso de matem\u00e1ticas. Una representaci\u00f3n cartesiana es &hellip; <a href=\"http:\/\/www.santalices.net\/blog\/indice\/indice-2\/el-histograma\/\" class=\"more-link\">Continuar leyendo<span class=\"screen-reader-text\"> \u00abEl histograma\u00bb<\/span><\/a><\/p>\n","protected":false},"author":1,"featured_media":0,"parent":207,"menu_order":8,"comment_status":"closed","ping_status":"closed","template":"","meta":{"footnotes":""},"class_list":["post-149","page","type-page","status-publish","hentry"],"_links":{"self":[{"href":"http:\/\/www.santalices.net\/blog\/wp-json\/wp\/v2\/pages\/149","targetHints":{"allow":["GET"]}}],"collection":[{"href":"http:\/\/www.santalices.net\/blog\/wp-json\/wp\/v2\/pages"}],"about":[{"href":"http:\/\/www.santalices.net\/blog\/wp-json\/wp\/v2\/types\/page"}],"author":[{"embeddable":true,"href":"http:\/\/www.santalices.net\/blog\/wp-json\/wp\/v2\/users\/1"}],"replies":[{"embeddable":true,"href":"http:\/\/www.santalices.net\/blog\/wp-json\/wp\/v2\/comments?post=149"}],"version-history":[{"count":2,"href":"http:\/\/www.santalices.net\/blog\/wp-json\/wp\/v2\/pages\/149\/revisions"}],"predecessor-version":[{"id":171,"href":"http:\/\/www.santalices.net\/blog\/wp-json\/wp\/v2\/pages\/149\/revisions\/171"}],"up":[{"embeddable":true,"href":"http:\/\/www.santalices.net\/blog\/wp-json\/wp\/v2\/pages\/207"}],"wp:attachment":[{"href":"http:\/\/www.santalices.net\/blog\/wp-json\/wp\/v2\/media?parent=149"}],"curies":[{"name":"wp","href":"https:\/\/api.w.org\/{rel}","templated":true}]}}