{"id":172,"date":"2020-03-26T13:13:52","date_gmt":"2020-03-26T12:13:52","guid":{"rendered":"http:\/\/www.santalices.net\/blog\/?page_id=172"},"modified":"2023-07-15T11:41:33","modified_gmt":"2023-07-15T10:41:33","slug":"jugando-con-la-exposicion-y-las-focales","status":"publish","type":"page","link":"http:\/\/www.santalices.net\/blog\/indice\/indice-2\/jugando-con-la-exposicion-y-las-focales\/","title":{"rendered":"Jugando con la exposici\u00f3n y las focales"},"content":{"rendered":"\n<p>Hasta ahora hemos hablado de la importancia que tiene una  correcta exposici\u00f3n para sacar una buena toma, ajustar la velocidad y el diafragma es fundamental, pero tambi\u00e9n hemos comentado que el valor de exposici\u00f3n no es un valor \u00fanico, sino que una exposici\u00f3n esta compuesta por el conjunto de tres valores sensibilidad\/velocidad\/apertura y que modificando como m\u00ednimo dos de estos valores podemos conseguir un valor equivalente (<a rel=\"noreferrer noopener\" aria-label=\"ver (se abre en una nueva pesta\u00f1a)\" href=\"http:\/\/www.santalices.net\/blog\/indice\/conceptos-basicos-de-la-fotografia\/\" target=\"_blank\">ver<\/a>).  Esto nos abre una serie de recursos \u00abcreativos\u00bb importantes a tener muy en cuenta si queremos darles a nuestras fotos un aire diferente. Es lo  que vamos a tratar de ver en este cuaderno. <\/p>\n\n\n\n<p><strong>La velocidad <\/strong><\/p>\n\n\n\n<p>Sabemos que la velocidad nos va a determinar el grado de  congelamiento de la imagen (velocidad alta=movimiento congelado \/  velocidad baja=objetos en movimiento borrosos). Normalmente usamos velocidades altas cuando la toma es de objetos en movimiento o simplemente cuando necesitamos limitar la entrada de luz al sensor y velocidades bajas cuando los objetos son est\u00e1ticos y necesitamos mayor exposici\u00f3n. Pero tambi\u00e9n podemos jugar con la velocidad para obtener  im\u00e1genes \u00abdistintas\u00bb <\/p>\n\n\n\n<p>Pongamos un cl\u00e1sico ejemplo, un cauce de agua. Con una velocidad de obturaci\u00f3n r\u00e1pida conseguiremos congelar las gotas de agua en el aire, consiguiendo efectos como poco curiosos. Pero tambi\u00e9n  podemos optar por exposiciones lentas, que nos generan el conocido como  \u00abefecto seda\u00bb en la que la corriente de agua se convierte en una masa  compacta asemej\u00e1ndose a tela. <\/p>\n\n\n\n<div class=\"wp-block-image\"><figure class=\"aligncenter size-large\"><img loading=\"lazy\" decoding=\"async\" width=\"800\" height=\"532\" src=\"http:\/\/www.santalices.net\/blog\/wp-content\/uploads\/2020\/03\/PICT8540.jpg\" alt=\"\" class=\"wp-image-174\" srcset=\"http:\/\/www.santalices.net\/blog\/wp-content\/uploads\/2020\/03\/PICT8540.jpg 800w, http:\/\/www.santalices.net\/blog\/wp-content\/uploads\/2020\/03\/PICT8540-300x200.jpg 300w, http:\/\/www.santalices.net\/blog\/wp-content\/uploads\/2020\/03\/PICT8540-768x511.jpg 768w\" sizes=\"auto, (max-width: 800px) 85vw, 800px\" \/><figcaption> Obturaci\u00f3n r\u00e1pida. Datos de la toma; f8; 1\/250s; ISO 100  <\/figcaption><\/figure><\/div>\n\n\n\n<div class=\"wp-block-image\"><figure class=\"aligncenter size-large is-resized\"><img loading=\"lazy\" decoding=\"async\" src=\"http:\/\/www.santalices.net\/blog\/wp-content\/uploads\/2020\/03\/PICT8538.jpg\" alt=\"\" class=\"wp-image-173\" width=\"392\" height=\"589\" srcset=\"http:\/\/www.santalices.net\/blog\/wp-content\/uploads\/2020\/03\/PICT8538.jpg 532w, http:\/\/www.santalices.net\/blog\/wp-content\/uploads\/2020\/03\/PICT8538-200x300.jpg 200w\" sizes=\"auto, (max-width: 392px) 85vw, 392px\" \/><figcaption>  Obturaci\u00f3n lenta. Datos de la toma; f32; 1\/10s; ISO 100 <\/figcaption><\/figure><\/div>\n\n\n\n<p> Tambi\u00e9n podemos usar una obturaci\u00f3n lenta para conseguir \nenfacitar el movimiento, como hemos hecho con las manos  en la siguiente\n toma. <\/p>\n\n\n\n<div class=\"wp-block-image\"><figure class=\"aligncenter size-large is-resized\"><a href=\"\/Users\/andre\/Documents\/Santalices\/cuadernos\/focales\/imagenes\/PICT4178.jpg\" target=\"_blank\" rel=\"noreferrer noopener\"><img loading=\"lazy\" decoding=\"async\" src=\"http:\/\/www.santalices.net\/blog\/wp-content\/uploads\/2020\/03\/PICT4178.jpg\" alt=\"\" class=\"wp-image-180\" width=\"332\" height=\"500\" srcset=\"http:\/\/www.santalices.net\/blog\/wp-content\/uploads\/2020\/03\/PICT4178.jpg 532w, http:\/\/www.santalices.net\/blog\/wp-content\/uploads\/2020\/03\/PICT4178-200x300.jpg 200w\" sizes=\"auto, (max-width: 332px) 85vw, 332px\" \/><\/a><\/figure><\/div>\n\n\n\n<p>De haber optado por una obturaci\u00f3n r\u00e1pida las manos habr\u00edan \nsalido totalmente est\u00e1ticas igual que el resto de la toma. Eso no \nsignifica que la foto no tuviese su inter\u00e9s, pero le hubiese restado \ndinamismo a la imagen. Al optar por una obturaci\u00f3n lenta 1\/25s, hemos \nconseguido una imagen mas atractiva y que representa mejor lo que \nest\u00e1bamos viendo, el sujeto permanece est\u00e1tico pero sus en sus manos se \naprecia perfectamente el movimiento. <\/p>\n\n\n\n<p>Podr\u00eda poner cientos de ejemplos distintos pero no lo veo \nnecesario, creo que la esencia de la idea queda clara. A\u00fan as\u00ed a modo de\n resumen: <\/p>\n\n\n\n<ul class=\"wp-block-list\"><li>Cuando queramos resaltar la acci\u00f3n; personas, veh\u00edculos y objetos en movimiento, recurriremos a exposiciones lentas.<\/li><li>Cuando queramos congelar el movimiento de los objetos o personas recurriremos a exposiciones r\u00e1pidas.  <\/li><\/ul>\n\n\n\n<p>Puede darse el caso de querer hacer una exposici\u00f3n larga y que las  condiciones de luz no nos lo permitan, es decir que usando la sensibilidad m\u00ednima de la c\u00e1mara y el diafragma mas cerrado que nos permita el objetivo el tiempo de exposici\u00f3n nos salga demasiado r\u00e1pido para lo que deseamos o sencillamente que no nos interese usar un  diafragma tan cerrado como necesitar\u00edamos para obtener una exposici\u00f3n  correcta. <\/p>\n\n\n\n<p>En este caso podemos usar los filtros de densidad neutra \n(filtros ND). Estos filtros estan especialmente dise\u00f1ados para eliminar \npasos de luz sin alterar los colores de la imagen, los encontramos con \ndistintas densidades 0,3\/0,6\/0,9&#8230; El de 0,3 nos elimina un paso de \nluz, el de 0,6 dos, el 0,9 tres&#8230; Por existir los hay hasta de 3,0 que \nelimina diez pasos de luz. Muy recomendables los de la marca B+W <\/p>\n\n\n\n<pre class=\"wp-block-preformatted\">Truco:\nEn caso de no disponer de un filtro ND, lo que si es f\u00e1cil es que dispongamos de un filtro polarizador,este filtro si bien tambi\u00e9n  alterar\u00e1 ligeramente los colores nos puede servir para eliminar uno o  dos pasos de luz. <\/pre>\n\n\n\n<p><strong>El diafragma y la profundidad de campo <\/strong><\/p>\n\n\n\n<p>El diafragma nos sirve para controlar la cantidad de luz que llega al sensor, pero tambi\u00e9n es determinante de la profundidad de campo de la imagen. <\/p>\n\n\n\n<p>La profundidad de campo (PDC), despu\u00e9s de la luminosidad y el color, es uno de los factores mas determinantes de una imagen. La  diferencia entre zonas enfocadas y desenfocadas da profundidad a la imagen y sabiendo jugar con el de una forma correcta nos centra la atenci\u00f3n en el punto de inter\u00e9s que deseemos. <\/p>\n\n\n\n<p>La profundidad de campo no depende \u00fanicamente del diafragma, depende tambi\u00e9n de la focal usada y la distancia al objeto, pero nos vamos a centrar en el diafragma, pues el intentar valorar todos los elementos en su conjunto, seria si no imposible si demasiado tedioso, adem\u00e1s aprendiendo a jugar con el diafragma lo podemos extrapolar a las  distintas lentes y situaciones. <\/p>\n\n\n\n<p>No voy a explicar las ventajas de usar una profundidad de  campo peque\u00f1a para retratos o una gran profundidad para paisajes, pues  creo que es algo que a estas alturas ya deb\u00e9is de conocer. Prefiero centrarme en situaciones m\u00e1s \u00ab<em>especiales<\/em>\u00bb que pueden dar mucho juego y  ayudaros a hacer fotos m\u00e1s interesantes. <\/p>\n\n\n\n<p>Primero os voy a mostrar dos im\u00e1genes iguales pero con PDC distintas: <\/p>\n\n\n\n<figure class=\"wp-block-image size-large\"><img loading=\"lazy\" decoding=\"async\" width=\"800\" height=\"622\" src=\"http:\/\/www.santalices.net\/blog\/wp-content\/uploads\/2020\/03\/Narciso_1.jpg\" alt=\"\" class=\"wp-image-178\" srcset=\"http:\/\/www.santalices.net\/blog\/wp-content\/uploads\/2020\/03\/Narciso_1.jpg 800w, http:\/\/www.santalices.net\/blog\/wp-content\/uploads\/2020\/03\/Narciso_1-300x233.jpg 300w, http:\/\/www.santalices.net\/blog\/wp-content\/uploads\/2020\/03\/Narciso_1-768x597.jpg 768w\" sizes=\"auto, (max-width: 800px) 85vw, 800px\" \/><\/figure>\n\n\n\n<p> En la primera toma, usando una apertura de f4, hemos  conseguido aislar el narciso de su entorno, dejando totalmente  desenfocadas, para mi en exceso, las monta\u00f1as del fondo. En la segunda  hemos pasado a un diafragma f16, con ello conseguimos un menor  desenfoque de fondo y que el narciso se integre mas con su entorno, el  desenfoque de la monta\u00f1a, existiendo, no es tan acusado y hay una  transici\u00f3n mas suave entre la zona enfocada y la desenfocada, lo que nos  da una imagen mas agradable en su conjunto pero en la que el narciso pierde protagonismo<\/p>\n\n\n\n<p>Podemos estar de acuerdo con que sea mas atractiva la segunda\n foto que la primera o no, pero lo que es evidente es modificando la PDC\n hemos conseguido dos im\u00e1genes muy distintas. <\/p>\n\n\n\n<p><strong>Jugando con la Profundidad de Campo <\/strong><\/p>\n\n\n\n<p>El primer punto a tener en cuenta, es saber como se  distribuye la profundidad de campo. Su distribuci\u00f3n siempre es  igual, independientemente del valor concreto que tenga en cada momento y  es un 1\/3 por delante del punto de enfoque y 2\/3 detr\u00e1s. Si disponemos  de una PDC de 3 metros , la zona de foco estar\u00e1 un metro por delante y  dos metros por detr\u00e1s del punto de enfoque, si la PDC es de 6m la zona de foco ira desde los 2m delante del punto de enfoque hasta los 4m por  detr\u00e1s de ese punto. <\/p>\n\n\n\n<div class=\"wp-block-image\"><figure class=\"aligncenter size-large\"><img loading=\"lazy\" decoding=\"async\" width=\"400\" height=\"213\" src=\"http:\/\/www.santalices.net\/blog\/wp-content\/uploads\/2020\/03\/enfoque_1.gif\" alt=\"\" class=\"wp-image-176\"\/><\/figure><\/div>\n\n\n\n<p>Esta imagen representa lo que seria una situaci\u00f3n est\u00e1ndar de\n enfoque en una foto. Si centramos el foco en la hoja, la profundidad de\n campo se nos reparte tanto por delante como por detr\u00e1s de la hoja en \nlas proporciones antes citadas. <\/p>\n\n\n\n<div class=\"wp-block-media-text alignwide\"><figure class=\"wp-block-media-text__media\"><img loading=\"lazy\" decoding=\"async\" width=\"400\" height=\"213\" src=\"http:\/\/www.santalices.net\/blog\/wp-content\/uploads\/2020\/03\/enfoque_2.gif\" alt=\"\" class=\"wp-image-177\"\/><\/figure><div class=\"wp-block-media-text__content\">\n<p> <em>\u00bfEsto es siempre as\u00ed?<\/em> Si,  salvo que forcemos las  cosas a algo distinto. \u00bfQue pasar\u00eda si al  querer fotografiar la hoja  desplazamos el punto de enfoque hacia  delante? Podr\u00edamos obtener algo  similar a esto.  <\/p>\n<\/div><\/div>\n\n\n\n<p>Conociendo la profundidad de campo de que disponemos, podemos\n enfocar en un punto por delante de la hoja, pero de forma que esta \nquede dentro de la profundidad de campo de que disponemos, con esto \nlogramos dejar toda la profundidad de campo por delante de la hoja, \npermiti\u00e9ndonos dejar dentro de foco otros elementos que est\u00e1n por \ndelante del objeto principal o dejar fuera de foco elementos que est\u00e1n \npor detr\u00e1s que no nos interesan. <\/p>\n\n\n\n<p>Veamos un ejemplo practico: <\/p>\n\n\n\n<figure class=\"wp-block-image size-large\"><img loading=\"lazy\" decoding=\"async\" width=\"800\" height=\"532\" src=\"http:\/\/www.santalices.net\/blog\/wp-content\/uploads\/2020\/03\/PICT6517.jpg\" alt=\"\" class=\"wp-image-182\" srcset=\"http:\/\/www.santalices.net\/blog\/wp-content\/uploads\/2020\/03\/PICT6517.jpg 800w, http:\/\/www.santalices.net\/blog\/wp-content\/uploads\/2020\/03\/PICT6517-300x200.jpg 300w, http:\/\/www.santalices.net\/blog\/wp-content\/uploads\/2020\/03\/PICT6517-768x511.jpg 768w\" sizes=\"auto, (max-width: 800px) 85vw, 800px\" \/><figcaption> Distancia focal 72mm diafragma f4,5  <\/figcaption><\/figure>\n\n\n\n<p>Esta foto esta tomada en el claustro de la Catedral de Burgos  durante la exposici\u00f3n ARCADIA EGO  es una escultura de Bernard\u00ed Roig.  La idea era sacar un primer plano de la estatua con las letras EGO  desenfocadas al fondo. La situaci\u00f3n no me permit\u00eda el uso de una focal  mas larga para conseguir el desenfoque y encuadre deseado, usando la  m\u00e1xima focal que me permit\u00eda la situaci\u00f3n el desenfoque de fondo conseguido no era suficiente y el diafragma ya estaba su m\u00e1xima  apertura. <\/p>\n\n\n\n<p>\u00bfComo conseguir incrementar el desenfoque del fondo? Pues  desplazando el foco hacia delante. Si os fij\u00e1is la barra de la derecha,  que esta por delante de la estatua, esta dentro de foco, pero la que  esta justo detr\u00e1s de la figura ya no. Es decir desplac\u00e9 el foco hacia delante para llevar la estatua al limite de la PDC y as\u00ed conseguir el efecto deseado. <\/p>\n\n\n\n<p>Como veis esta t\u00e9cnica nos permite llevar la PDC a la zona  que mas nos interesa y no conformarnos con la profundidad de campo \u00ab<em>est\u00e1ndar<\/em>\u00bb que nos da el enfocar sobre el objeto principal. <\/p>\n\n\n\n<p>Parar usar esta t\u00e9cnica lo ideal es que la c\u00e1mara disponga del bot\u00f3n de previsualizaci\u00f3n de profundidad de campo. Este bot\u00f3n lo que  hace es cerrar el diafragma a la apertura que tenemos seleccionada  permiti\u00e9ndonos ver a trav\u00e9s del visor de la c\u00e1mara la PDC real que vamos  a disponer en la toma. (El diafragma, con el fin de mejorar la  luminosidad del visor, siempre permanece en su m\u00e1xima apertura hasta el momento que apretamos el disparador). <\/p>\n\n\n\n<p>En caso de que nuestra c\u00e1mara no disponga del citado bot\u00f3n,  siempre podemos recurrir al sistema de prueba\/error, es mas tedioso pero  en muchas ocasiones vale la pena perder un poco de tiempo. <\/p>\n\n\n\n<p>Otra opci\u00f3n es disponer de tablas de profundidad de campo  para nuestros objetivos, buscando por internet se encuentran sin mayores  problemas. El problema es que la profundidad de campo var\u00eda en funci\u00f3n  de la distancia de enfoque y necesitar\u00edamos una libreta entera por cada objetivo.<\/p>\n\n\n\n<pre class=\"wp-block-preformatted\">Nota: A d\u00eda de hoy disponemos de App que nos permiten llevar en el m\u00f3vil un calculador de PDC como son \"DOF Calculator\" mi preferida o \" HyperFocal Pro\" mas popular, pero tener en cuenta que sin conexi\u00f3n de datos no funcionan<\/pre>\n\n\n\n<p>De todas formas el experimentar y \u00ab<em>coger tablas<\/em>\u00bb acaba siendo uno de los mejores recursos. <\/p>\n\n\n\n<p><strong>La hiperfocal<\/strong><\/p>\n\n\n\n<p>Antes hemos visto las ventaja que supone el jugar con los \ndesenfoques, pero existen ocasiones que lo que nos interesa es todo lo \ncontrario, que la imagen salga toda perfectamente enfocada. <\/p>\n\n\n\n<p><em>\u00bfQue es una hiperfocal? <\/em>Definiremos la hiperfocal, \ncomo plano de enfoque nos permite tener en foco desde un punto \ndeterminado hasta el infinto.  No ha que confundir una hiperfocal con \nuna foto en la que todo este en foco.<\/p>\n\n\n\n<p>Podemos realizar una toma en la que aparezcan elementos a  30cm y los mas lejanos esten a 3m y est\u00e9n todos en foco, pero no sera  una hiperfocal ya que el foco no llega al infinito<\/p>\n\n\n\n<p> El ejemplo mas claro lo tenemos en los paisajes, aunque  todos los elementos de la foto est\u00e9n dentro de la PDC, no significa  necesariamente que hayamos usado una hiperfocal . <\/p>\n\n\n\n<p>Cuando hacemos un paisaje normalmente usamos focales cortas, menos de 50mm, las fotos acostumbran a estar realizadas en horas de  buena luminosidad, por lo que usamos diafragmas cerrados y la distancia  de enfoque acostumbra a ser grande. Cada uno de estos factores (focal  corta\/diafragma cerrado\/distancia de enfoque grande) por si solo  contribuyen a disponer de una gran profundidad de campo, pero el plano  hiperfocal es otra cosa distinta. <\/p>\n\n\n\n<figure class=\"wp-block-image size-large\"><img loading=\"lazy\" decoding=\"async\" width=\"750\" height=\"499\" src=\"http:\/\/www.santalices.net\/blog\/wp-content\/uploads\/2020\/03\/PICT5660.jpg\" alt=\"\" class=\"wp-image-181\" srcset=\"http:\/\/www.santalices.net\/blog\/wp-content\/uploads\/2020\/03\/PICT5660.jpg 750w, http:\/\/www.santalices.net\/blog\/wp-content\/uploads\/2020\/03\/PICT5660-300x200.jpg 300w\" sizes=\"auto, (max-width: 750px) 85vw, 750px\" \/><figcaption> Datos de la toma: ISO 100; Focal 20mm; diafragma f5,6; velocidad 1\/160s  <\/figcaption><\/figure>\n\n\n\n<p>Esta toma es un claro ejemplo, sin forzar  demasiado los par\u00e1metros, sobre todo gracias a la focal de 20mm y una gran distancia de enfoque disponemos de una gran PDC, desde las rocas de  primer plano hasta las monta\u00f1as del fondo, todo esta dentro de foco. <\/p>\n\n\n\n<p>Es muy importante  cuando estamos hablando de hiperfocales  tener claro que una cosa es la <strong>distancia de enfoque<\/strong>  y otra la <strong>distancia de hiperfocal<\/strong>.<\/p>\n\n\n\n<p>En el esquema que he puesto a continuaci\u00f3n tenemos un ejemplo de lo que ser\u00eda la utilidad de una hiperfocal. <\/p>\n\n\n\n<figure class=\"wp-block-image size-large\"><img loading=\"lazy\" decoding=\"async\" width=\"512\" height=\"263\" src=\"http:\/\/www.santalices.net\/blog\/wp-content\/uploads\/2020\/03\/pdc.gif\" alt=\"\" class=\"wp-image-179\"\/><\/figure>\n\n\n\n<p>Tenemos cuatro situaciones de enfoque para esta escena que vamos a analizar: <\/p>\n\n\n\n<ul class=\"wp-block-list\"><li>   <strong>a<\/strong>.- Enfocamos en los arboles, como hemos dicho la  PDC se distribuye un tercio por delante y dos por detr\u00e1s, as\u00ed que el  foco no llega a las monta\u00f1as.<\/li><li>           <strong>b<\/strong>.-  Enfocamos al infinito, estamos en la situaci\u00f3n inversa, disponemos de mayor PDC pero sigue siendo insuficiente.<\/li><li>           <strong>c<\/strong>.- Enfocamos en la monta\u00f1a, nos estamos acercando pero la PDC sigue siendo insuficiente.<\/li><li>           <strong>d<\/strong>.- Enfocamos en el plano hiperfocal, una  distancia determinada que nos permite que el punto de inter\u00e9s mas  cercano, los arboles, est\u00e9n en foco y este llegue hasta el infinito. <\/li><\/ul>\n\n\n\n<p>La distancia hiperfocal es \u00fanica para cada diafragma,  distancia focal, distancia del objeto y c\u00e1mara, pues depende no solo de  la PDC si no tambi\u00e9n del tama\u00f1o del sensor. Siendo iguales los par\u00e1metros de foco, distancia al objeto y distancia focal, la hiperfocal  cambia en funci\u00f3n de si el sensor es un FF, un APSc con recorte de 1,5x  o un APSc con recote de 1,6x<\/p>\n\n\n\n<p><em>Ejemplo:<\/em><\/p>\n\n\n\n<p>Supongamos que con una c\u00e1mara digital Sony A300 queremos  hacer una foto  de un objeto que esta a 5m con una focal de 35mm, un f8 y que buscamos una  hiperfocal. <\/p>\n\n\n\n<ul class=\"wp-block-list\"><li>Si enfoc\u00e1semos directamente sobre el objeto que esta a 5m la profundidad de campo ir\u00eda desde los 3,03m hasta los 14,2m muy lejos de la hiperfocal buscada.<\/li><li>Si buscamos un punto de enfoque a 10m la profundidad de campo va desde los 4,34m hasta el infinito,  por lo tanto si que estar\u00edamos ante una hiperfocal, ya que el elemento  mas cercano (5m) y todo el resto de la imagen estar\u00edan en foco. <\/li><\/ul>\n\n\n\n<p>El procedimiento para encontrar la hiperfocal seria el mismo  que antes, a ser posible disponer de un sistema de previsualizaci\u00f3n de PDC, si no las tablas de hiperfocales, mucho mas simples que las de PDC,  ya que solo nos da el punto de enfoque para una distancia m\u00ednima y un  diafragma concreto. Una herramienta muy buena para conocer las  distancias hiperfocales es el calculador de la pagina<a rel=\"noreferrer noopener\" href=\"http:\/\/www.dofmaster.com\/doftable.html\" target=\"_blank\"> DOFMaster<\/a> Esta en ingles pero se entiende perfectamente.<\/p>\n\n\n\n<p>Pasemos a ver un ejemplo:  <\/p>\n\n\n\n<figure class=\"wp-block-image size-large is-resized\"><img loading=\"lazy\" decoding=\"async\" src=\"http:\/\/www.santalices.net\/blog\/wp-content\/uploads\/2020\/03\/PICT8558.jpg\" alt=\"\" class=\"wp-image-175\" width=\"430\" height=\"647\" srcset=\"http:\/\/www.santalices.net\/blog\/wp-content\/uploads\/2020\/03\/PICT8558.jpg 532w, http:\/\/www.santalices.net\/blog\/wp-content\/uploads\/2020\/03\/PICT8558-200x300.jpg 200w\" sizes=\"auto, (max-width: 430px) 85vw, 430px\" \/><figcaption> Datos de la toma: ISO 100; focal 17mm; diafragma f25; velocidad 1\/40s <\/figcaption><\/figure>\n\n\n\n<p>La idea era mostrar desde las flores hasta la\n monta\u00f1a del fondo, con una continuidad de foco, para que no hubiese un \nelemento que destacase sobre otro. Necesariamente la distancia a la que \nque est\u00e1n tomadas las flores es relativamente peque\u00f1a, algo mas de 40cm.\n <\/p>\n\n\n\n<p><em>\u00bfComo lo solucionamos?<\/em> Empecemos por\n revisar la tabla de DOF Master, veremos que enfocando a 40cm no \nllegamos a la hiperfocal, por lo tanto no nos sirve enfocar sobre la \nflor, pero si enfocamos a 1m con un f22 la distancia la PDC va desde los\n 48cm hasta el infinito. Si cerramos un poco mas el diafragma f25 \nincrementamos algo mas la PDC, por lo tanto enfocando a un metro de \ndistancia dispondremos de la PDC suficiente para conseguir la \nhiperfocal. <\/p>\n\n\n\n<p>Realmente la toma no esta sacada bas\u00e1ndome en  estos datos, si no que estos est\u00e1n extra\u00eddos despu\u00e9s de la toma, a la  hora de preparar este cuaderno. <\/p>\n\n\n\n<p>La t\u00e9cnica usada para realizar la toma fue  usando el bot\u00f3n de previsualizaci\u00f3n de la PDC. El calculo del diafragma  fue algo intuitivo, de ah\u00ed la importancia de practicar y conocer el  material que usamos. Con el bot\u00f3n de PDC presionado y usando el enfoque  manual, partiendo del enfoque al infinito, busqu\u00e9 el punto justo donde  la flor aparec\u00eda n\u00edtida y ah\u00ed realic\u00e9 la toma. La  pega  fue un golpe de  viento inoportuno que movi\u00f3 ligeramente las flores, al usar un  diafragma tan cerrado me forz\u00f3 a una velocidad muy baja, con lo que  provoc\u00f3 un poco de movimiento en las flores ret\u00e1ndoles algo de nitidez.  <\/p>\n\n\n\n<p>Aunque lo mas usual del uso de la hiperfocal  sea en paisajes, no es una t\u00e9cnica limitada a ellos, podemos buscar una hiperfocal en cualquier composici\u00f3n y esta no necesariamente se refiere a un enfoque al infinito. Todo es cuesti\u00f3n de imaginaci\u00f3n y practica.<\/p>\n","protected":false},"excerpt":{"rendered":"<p>Hasta ahora hemos hablado de la importancia que tiene una correcta exposici\u00f3n para sacar una buena toma, ajustar la velocidad y el diafragma es fundamental, pero tambi\u00e9n hemos comentado que el valor de exposici\u00f3n no es un valor \u00fanico, sino que una exposici\u00f3n esta compuesta por el conjunto de tres valores sensibilidad\/velocidad\/apertura y que modificando &hellip; <a href=\"http:\/\/www.santalices.net\/blog\/indice\/indice-2\/jugando-con-la-exposicion-y-las-focales\/\" class=\"more-link\">Continuar leyendo<span class=\"screen-reader-text\"> \u00abJugando con la exposici\u00f3n y las focales\u00bb<\/span><\/a><\/p>\n","protected":false},"author":1,"featured_media":0,"parent":207,"menu_order":9,"comment_status":"closed","ping_status":"closed","template":"","meta":{"footnotes":""},"class_list":["post-172","page","type-page","status-publish","hentry"],"_links":{"self":[{"href":"http:\/\/www.santalices.net\/blog\/wp-json\/wp\/v2\/pages\/172","targetHints":{"allow":["GET"]}}],"collection":[{"href":"http:\/\/www.santalices.net\/blog\/wp-json\/wp\/v2\/pages"}],"about":[{"href":"http:\/\/www.santalices.net\/blog\/wp-json\/wp\/v2\/types\/page"}],"author":[{"embeddable":true,"href":"http:\/\/www.santalices.net\/blog\/wp-json\/wp\/v2\/users\/1"}],"replies":[{"embeddable":true,"href":"http:\/\/www.santalices.net\/blog\/wp-json\/wp\/v2\/comments?post=172"}],"version-history":[{"count":3,"href":"http:\/\/www.santalices.net\/blog\/wp-json\/wp\/v2\/pages\/172\/revisions"}],"predecessor-version":[{"id":188,"href":"http:\/\/www.santalices.net\/blog\/wp-json\/wp\/v2\/pages\/172\/revisions\/188"}],"up":[{"embeddable":true,"href":"http:\/\/www.santalices.net\/blog\/wp-json\/wp\/v2\/pages\/207"}],"wp:attachment":[{"href":"http:\/\/www.santalices.net\/blog\/wp-json\/wp\/v2\/media?parent=172"}],"curies":[{"name":"wp","href":"https:\/\/api.w.org\/{rel}","templated":true}]}}