{"id":203,"date":"2020-03-26T17:19:49","date_gmt":"2020-03-26T16:19:49","guid":{"rendered":"http:\/\/www.santalices.net\/blog\/?page_id=203"},"modified":"2023-07-15T11:41:49","modified_gmt":"2023-07-15T10:41:49","slug":"la-edicion-y-el-retoque","status":"publish","type":"page","link":"http:\/\/www.santalices.net\/blog\/indice\/la-edicion-y-el-retoque\/","title":{"rendered":"La edici\u00f3n y el retoque"},"content":{"rendered":"\n<p>Una de las grandes ventajas de la fotograf\u00eda digital frente a la qu\u00edmica es la facilidad de medios para poder editar. En fotograf\u00eda qu\u00edmica necesit\u00e1bamos un laboratorio, eso implicaba un coste y un espaci\u00f3 que no siempre estaba justificado o era asumible. En fotograf\u00eda digital solo necesitamos un ordenador.<\/p>\n\n\n\n<p>Como en el grupo anterior voy a daros unos principios b\u00e1sicos, existen much\u00edsimos cursos de distintos niveles sobre el tratamiento de im\u00e1genes. Aqu\u00ed solo encontrar\u00e9is unos principios b\u00e1sicos que os permitan iniciaros en este complejo mundo.<\/p>\n\n\n\n<p>&nbsp;Vamos a analizar los\najustes b\u00e1sicos de las im\u00e1genes y como hacerlos de una forma simple pero\neficaz.<\/p>\n\n\n\n<p><a href=\"http:\/\/www.santalices.net\/blog\/indice\/la-edicion-y-el-retoque\/histograma-y-ajustes-de-color\/\">a) Histograma y ajustes de color<\/a><\/p>\n\n\n\n<p>Al igual que con la c\u00e1mara lo primero es conocer y ajustar nuestras herramientas de trabajo para poderlas usar adecuadamente<\/p>\n\n\n\n<p><a href=\"http:\/\/www.santalices.net\/blog\/indice\/la-edicion-y-el-retoque\/programas-y-retoques-basicos\/\">b) Programas y ajustes b\u00e1sicos<\/a><\/p>\n\n\n\n<p>Empecemos por conocer los distintos programas y como ajustar el programa para trabajar de forma adecuada<\/p>\n\n\n\n<p><a href=\"http:\/\/www.santalices.net\/blog\/indice\/la-edicion-y-el-retoque\/ajustes-basicos\/\">c) Ajustes b\u00e1sicos<\/a><\/p>\n\n\n\n<p>Ya tienes la foto, pero la ves en tu pantalla y no es\nexactamente lo que esperabas o las fotos que ves en la red son mucho m\u00e1s\nllamativas que las tuyas. \u00bfQu\u00e9 puedes hacer?<\/p>\n\n\n\n<p><a href=\"http:\/\/www.santalices.net\/blog\/indice\/la-edicion-y-el-retoque\/correccion-de-perspectivas\/\">d) Correcci\u00f3n de la perspectiva<\/a><\/p>\n\n\n\n<p>Cuando usamos objetivos angulares &gt;50mm se producen\ndeformaciones muy evidentes en los edificios, pero si no usas un angular es\nimposible fotografiar ese edificio. \u00bfTiene soluci\u00f3n? si y m\u00e1s sencilla de lo\nque piensas.<\/p>\n\n\n\n<p><a href=\"http:\/\/www.santalices.net\/blog\/indice\/la-edicion-y-el-retoque\/impresion-de-fotografias\/\">e) Impresi\u00f3n de fotograf\u00edas<\/a><\/p>\n\n\n\n<p>Te has tomado un tiempo en realizar una foto, en ajustarla\nen el ordenador y finalmente la llevas a imprimir. Pero el resultado no es el\nque esperabas. \u00bfQu\u00e9 ha fallado?<\/p>\n\n\n\n<p><a href=\"http:\/\/www.santalices.net\/blog\/indice\/la-edicion-y-el-retoque\/automatizar-tareas-en-ps\/\">f) Automatizar tareas en el Ps<\/a><\/p>\n\n\n\n<p>Muchas veces repetimos tareas de procesado con el Photoshop,\nexisten formas de automatizar estas tareas y optimizar nuestro flujo de\ntrabajo.<\/p>\n\n\n\n<p><\/p>\n","protected":false},"excerpt":{"rendered":"<p>Una de las grandes ventajas de la fotograf\u00eda digital frente a la qu\u00edmica es la facilidad de medios para poder editar. En fotograf\u00eda qu\u00edmica necesit\u00e1bamos un laboratorio, eso implicaba un coste y un espaci\u00f3 que no siempre estaba justificado o era asumible. En fotograf\u00eda digital solo necesitamos un ordenador. Como en el grupo anterior voy &hellip; <a href=\"http:\/\/www.santalices.net\/blog\/indice\/la-edicion-y-el-retoque\/\" class=\"more-link\">Continuar leyendo<span class=\"screen-reader-text\"> \u00abLa edici\u00f3n y el retoque\u00bb<\/span><\/a><\/p>\n","protected":false},"author":1,"featured_media":0,"parent":12,"menu_order":2,"comment_status":"closed","ping_status":"closed","template":"","meta":{"footnotes":""},"class_list":["post-203","page","type-page","status-publish","hentry"],"_links":{"self":[{"href":"http:\/\/www.santalices.net\/blog\/wp-json\/wp\/v2\/pages\/203","targetHints":{"allow":["GET"]}}],"collection":[{"href":"http:\/\/www.santalices.net\/blog\/wp-json\/wp\/v2\/pages"}],"about":[{"href":"http:\/\/www.santalices.net\/blog\/wp-json\/wp\/v2\/types\/page"}],"author":[{"embeddable":true,"href":"http:\/\/www.santalices.net\/blog\/wp-json\/wp\/v2\/users\/1"}],"replies":[{"embeddable":true,"href":"http:\/\/www.santalices.net\/blog\/wp-json\/wp\/v2\/comments?post=203"}],"version-history":[{"count":5,"href":"http:\/\/www.santalices.net\/blog\/wp-json\/wp\/v2\/pages\/203\/revisions"}],"predecessor-version":[{"id":279,"href":"http:\/\/www.santalices.net\/blog\/wp-json\/wp\/v2\/pages\/203\/revisions\/279"}],"up":[{"embeddable":true,"href":"http:\/\/www.santalices.net\/blog\/wp-json\/wp\/v2\/pages\/12"}],"wp:attachment":[{"href":"http:\/\/www.santalices.net\/blog\/wp-json\/wp\/v2\/media?parent=203"}],"curies":[{"name":"wp","href":"https:\/\/api.w.org\/{rel}","templated":true}]}}