{"id":213,"date":"2020-03-26T18:16:20","date_gmt":"2020-03-26T17:16:20","guid":{"rendered":"http:\/\/www.santalices.net\/blog\/?page_id=213"},"modified":"2023-07-15T11:39:51","modified_gmt":"2023-07-15T10:39:51","slug":"programas-y-retoques-basicos","status":"publish","type":"page","link":"http:\/\/www.santalices.net\/blog\/indice\/la-edicion-y-el-retoque\/programas-y-retoques-basicos\/","title":{"rendered":"Programas y ajustes b\u00e1sicos"},"content":{"rendered":"\n<p>Existen much\u00edsimos programas de tratamiento de imagen el mas popular sin lugar a duda es el Adobe PhotoShop, pero no es el  \u00fanico. Tambi\u00e9n disponemos del CorelDraw o el Gimp, este ultimo es  software libre y en consecuencia gratuito.<\/p>\n\n\n\n<p>El que yo conozco y uso es el PhotoShop por lo \nque las indicaciones son sobre \u00e9l, pero con ligeros cambios de nombre y \nfunciones todos los procedimientos son extrapolables a los otros \nprogramas.<\/p>\n\n\n\n<p>Ahora bien muchos os preguntar\u00e9is \u00bfPorque  retocar una fotograf\u00eda? Los motivos pueden ser m\u00faltiples, desde  conseguir efectos creativos hasta simplemente arreglar los fallos o carencias de la toma realizada, aqu\u00ed nos vamos a centrar en esto ultimo.  <\/p>\n\n\n\n<h2 class=\"wp-block-heading\">Primeros pasos <\/h2>\n\n\n\n<p>Lo primero es conocer lo que se denomina el \nespacio de trabajo, es decir que tenemos y donde esta. La imagen de \nabajo representa la distribuci\u00f3n por defecto del CS3 y remarco cuatro \nzonas.<\/p>\n\n\n\n<p><strong>a)<\/strong> Barra de men\u00fas, es la t\u00edpica barra donde encontramos la mayor\u00eda de las opciones.<\/p>\n\n\n\n<p><strong>b)<\/strong> Barra de herramientas, esta  es desplazable, la podemos mover a donde nos interese tener y en ella est\u00e1n las principales herramientas agrupadas por tipos. Cuando aparece  una peque\u00f1a flecha en la esquina inferior derecha significa que existen varias herramientas en la misma tecla. Tambi\u00e9n existen <a rel=\"noreferrer noopener\" aria-label=\"atajos de teclad (se abre en una nueva pesta\u00f1a)\" href=\"http:\/\/www.santalices.net\/blog\/wp-content\/uploads\/2020\/03\/AtajosPS-1.pdf\" target=\"_blank\">atajos de teclad<\/a><a rel=\"noreferrer noopener\" href=\"\/Users\/andre\/Documents\/Santalices\/cuadernos\/programas_cb\/atajos.htm\" target=\"_blank\">o<\/a> para la gran mayor\u00eda de las teclas. <\/p>\n\n\n\n<p><strong>c)<\/strong> Grupo de paletas, en ella tenemos las paletas con informaci\u00f3n sobre el trabajo, como la barra de herramientas tambi\u00e9n las podemos mover o escamotear a conveniencia, incluso hay quien trabaja con mas de una pantalla y las lleva a la secundaria<\/p>\n\n\n\n<p><strong>d)<\/strong> Imagen. Podemos Maximizar \npara que ocupe toda la pantalla dejarla en una ventana propia como sale \nen la captura. Se puede reducir o ampliar a conveniencia. <\/p>\n\n\n\n<figure class=\"wp-block-image size-large\"><img loading=\"lazy\" decoding=\"async\" width=\"800\" height=\"577\" src=\"http:\/\/www.santalices.net\/blog\/wp-content\/uploads\/2020\/03\/espacio.jpg\" alt=\"\" class=\"wp-image-217\" srcset=\"http:\/\/www.santalices.net\/blog\/wp-content\/uploads\/2020\/03\/espacio.jpg 800w, http:\/\/www.santalices.net\/blog\/wp-content\/uploads\/2020\/03\/espacio-300x216.jpg 300w, http:\/\/www.santalices.net\/blog\/wp-content\/uploads\/2020\/03\/espacio-768x554.jpg 768w\" sizes=\"auto, (max-width: 800px) 85vw, 800px\" \/><\/figure>\n\n\n\n<h2 class=\"wp-block-heading\">Antes de empezar <\/h2>\n\n\n\n<p>Lo primero es realizar unos ajustes en el PS para poder trabajar con comodidad y fiabilidad. El primer paso es ajustar el <strong>\u00abespacio de color\u00bb <\/strong><\/p>\n\n\n\n<figure class=\"wp-block-image size-large\"><img loading=\"lazy\" decoding=\"async\" width=\"400\" height=\"495\" src=\"http:\/\/www.santalices.net\/blog\/wp-content\/uploads\/2020\/03\/ajustes.jpg\" alt=\"\" class=\"wp-image-214\" srcset=\"http:\/\/www.santalices.net\/blog\/wp-content\/uploads\/2020\/03\/ajustes.jpg 400w, http:\/\/www.santalices.net\/blog\/wp-content\/uploads\/2020\/03\/ajustes-242x300.jpg 242w\" sizes=\"auto, (max-width: 400px) 85vw, 400px\" \/><\/figure>\n\n\n\n<p> Para  ello nos vamos a \u00ab<em><strong>Edici\u00f3n\/Ajustes de color<\/strong><\/em>\u00bb o con el teclado   \u00ab<strong><em>May\u00fas+Ctrl+k<\/em><\/strong>\u00bb nos abrir\u00e1 una ventana como la que tenemos al lado pero   con menos opciones. El primer paso es pulsar el bot\u00f3n \u00ab<em><strong>mas  opciones<\/strong><\/em>\u00bb y entonces tendremos exactamente lo mismo que aqu\u00ed. El primer punto es definir el espacio de trabajo RGB. Si  pulsamos en  el despegable nos aparecer\u00e1n un mont\u00f3n de opciones. Adem\u00e1s  cada autor  que leamos nos aconsejara uno distinto, principalmente RGB  incluso  algunos espacios propios. As\u00ed que \u00bfcual elegir? Como veis  yo tengo sRGB \u00bfporque? <\/p>\n\n\n\n<p>Bueno es cierto que es  un espacio de color menos rico que el RGB pero un monitor  normal a duras penas es capaz de cubrir la gama completa de sRGB as\u00ed que  dif\u00edcilmente representa el espaci\u00f3 RGB completo, los navegadores trabajan en sRGB, la mayor\u00eda de laboratorios aceptan  sRGB y muchas  c\u00e1maras trabajan \u00fanicamente en sRGB, as\u00ed que no me  complico. De todas formas lo mas importante es el tercer bloque  \u00ab<em><strong>Opciones de  conversi\u00f3n<\/strong><\/em>\u00bb es importante que las tres casillas est\u00e9n  marcadas con las  tildes para evitar sorpresas. Con ellas marcadas si abrimos una foto que tiene un espacio de color distinto al nuestro lo podemos conservar y no alterar  los colores de una forma artificial. <\/p>\n\n\n\n<p>Otra opci\u00f3n interesante es en  \u00ab<em><strong>Edici\u00f3n\/Preferencias\/Generales<\/strong><\/em>\u00bb o Ctrl+k, marcar la casilla Zoom con  rueda de desplazamiento ya que nos permitir\u00e1 hacer el zoom con la rueda  del rat\u00f3n, algo realmente muy c\u00f3modo.<\/p>\n\n\n\n<h2 class=\"wp-block-heading\">Ajuste del monitor <\/h2>\n\n\n\n<p>Aunque lo haya dejado para el final es el  apartado de mayor importancia, si no tenemos bien ajustado el monitor no  tenemos la certeza de que lo que vemos se lo correcto. Os voy a poner  un ejemplo; abrir una imagen cualquiera en vuestro ordenador y a continuaci\u00f3n modificar el contraste, el brillo o cualquier ajuste de color del monitor. La imagen que veis cambia como es evidente pero la  imagen original no, sigue siendo la misma. Entonces \u00bfcomo tenemos la  certeza de que la imagen que vemos se corresponde a la realidad? No nos  queda mas remedio que creer que los fabricantes de monitor y la tarjeta  gr\u00e1fica han realizado unos ajustes correctos o bien acudir a sistemas de  calibrado.<\/p>\n\n\n\n<p>Los sistemas de calibrado se dividen en dos  grupos los calibrados por software y los calibrados por hardware. Los  primeros son muy econ\u00f3micos pero son calibraciones totalmente  subjetivas, depende en todo momento del ojo de la persona que est\u00e1  realizando la calibraci\u00f3n. Por lo que mi consejo es que acud\u00e1is a los  calibradores por hardware. En estos momentos en el mercado existen por  precios bastante econ\u00f3micos, rondando los 100\/200\u20ac<\/p>\n\n\n\n<p>Una vez ajustado el monitor tenemos la \ntranquilidad de que lo que vemos corresponde a la realidad y podremos \nempezar a ajustar nuestras fotos.<\/p>\n","protected":false},"excerpt":{"rendered":"<p>Existen much\u00edsimos programas de tratamiento de imagen el mas popular sin lugar a duda es el Adobe PhotoShop, pero no es el \u00fanico. Tambi\u00e9n disponemos del CorelDraw o el Gimp, este ultimo es software libre y en consecuencia gratuito. El que yo conozco y uso es el PhotoShop por lo que las indicaciones son sobre &hellip; <a href=\"http:\/\/www.santalices.net\/blog\/indice\/la-edicion-y-el-retoque\/programas-y-retoques-basicos\/\" class=\"more-link\">Continuar leyendo<span class=\"screen-reader-text\"> \u00abProgramas y ajustes b\u00e1sicos\u00bb<\/span><\/a><\/p>\n","protected":false},"author":1,"featured_media":0,"parent":203,"menu_order":1,"comment_status":"closed","ping_status":"closed","template":"","meta":{"footnotes":""},"class_list":["post-213","page","type-page","status-publish","hentry"],"_links":{"self":[{"href":"http:\/\/www.santalices.net\/blog\/wp-json\/wp\/v2\/pages\/213","targetHints":{"allow":["GET"]}}],"collection":[{"href":"http:\/\/www.santalices.net\/blog\/wp-json\/wp\/v2\/pages"}],"about":[{"href":"http:\/\/www.santalices.net\/blog\/wp-json\/wp\/v2\/types\/page"}],"author":[{"embeddable":true,"href":"http:\/\/www.santalices.net\/blog\/wp-json\/wp\/v2\/users\/1"}],"replies":[{"embeddable":true,"href":"http:\/\/www.santalices.net\/blog\/wp-json\/wp\/v2\/comments?post=213"}],"version-history":[{"count":3,"href":"http:\/\/www.santalices.net\/blog\/wp-json\/wp\/v2\/pages\/213\/revisions"}],"predecessor-version":[{"id":277,"href":"http:\/\/www.santalices.net\/blog\/wp-json\/wp\/v2\/pages\/213\/revisions\/277"}],"up":[{"embeddable":true,"href":"http:\/\/www.santalices.net\/blog\/wp-json\/wp\/v2\/pages\/203"}],"wp:attachment":[{"href":"http:\/\/www.santalices.net\/blog\/wp-json\/wp\/v2\/media?parent=213"}],"curies":[{"name":"wp","href":"https:\/\/api.w.org\/{rel}","templated":true}]}}