{"id":225,"date":"2020-03-26T19:03:09","date_gmt":"2020-03-26T18:03:09","guid":{"rendered":"http:\/\/www.santalices.net\/blog\/?page_id=225"},"modified":"2023-07-15T11:39:40","modified_gmt":"2023-07-15T10:39:40","slug":"ajustes-basicos","status":"publish","type":"page","link":"http:\/\/www.santalices.net\/blog\/indice\/la-edicion-y-el-retoque\/ajustes-basicos\/","title":{"rendered":"Ajustes b\u00e1sicos"},"content":{"rendered":"\n<p>La cantidad de ajustes que podemos aplicar a nuestras fotos son \ninnumerables y depender\u00e1 de lo que queramos conseguir, vamos a empezar \npor los ajustes b\u00e1sicos de una imagen.<\/p>\n\n\n\n<div class=\"wp-block-image\"><figure class=\"aligncenter size-large is-resized\"><img loading=\"lazy\" decoding=\"async\" src=\"http:\/\/www.santalices.net\/blog\/wp-content\/uploads\/2020\/03\/ajustes1.png\" alt=\"\" class=\"wp-image-226\" width=\"431\" height=\"423\" srcset=\"http:\/\/www.santalices.net\/blog\/wp-content\/uploads\/2020\/03\/ajustes1.png 479w, http:\/\/www.santalices.net\/blog\/wp-content\/uploads\/2020\/03\/ajustes1-300x295.png 300w\" sizes=\"auto, (max-width: 431px) 85vw, 431px\" \/><\/figure><\/div>\n\n\n\n<p> Para acceder a los ajustes desde la barra de men\u00fas Imagen\/Ajustes y   saldr\u00e1 el siguiente desplegable. Esta dividido en tres zonas que he  coloreado para facilitar su identificaci\u00f3n. <\/p>\n\n\n\n<ul class=\"wp-block-list\"><li>1\u00aa En color rojo est\u00e1n los ajustes mas  b\u00e1sicos que a su ves  podr\u00edamos dividir en dos. Los que nos afectan a la  luminosidad y los  que nos afectan al color.          <\/li><li>2\u00aa En color azul est\u00e1n otros  ajustes mas avanzados, pero tambi\u00e9n \u00fatiles en ajustes fotogr\u00e1fico.        <\/li><li>3\u00aa Sin colorear mas que ajustes son efectos, desde el punto de  vista de la fotograf\u00eda.<\/li><li>Por ultimo vemos Variaciones, nos  abrir\u00e1  una ventana con distintas versiones de la foto y nos puede servir  para  hacer un retoque r\u00e1pido si alguno se ajusta a lo que buscamos.<\/li><\/ul>\n\n\n\n<p>  Tambi\u00e9n tenemos indicado al lado de cada control las teclas de  acceso r\u00e1pido.          <\/p>\n\n\n\n<h2 class=\"wp-block-heading\"><strong>Brillo \/ contraste<\/strong><\/h2>\n\n\n\n<div class=\"wp-block-image\"><figure class=\"alignright size-large\"><img loading=\"lazy\" decoding=\"async\" width=\"349\" height=\"152\" src=\"http:\/\/www.santalices.net\/blog\/wp-content\/uploads\/2020\/03\/brillo.png\" alt=\"\" class=\"wp-image-227\" srcset=\"http:\/\/www.santalices.net\/blog\/wp-content\/uploads\/2020\/03\/brillo.png 349w, http:\/\/www.santalices.net\/blog\/wp-content\/uploads\/2020\/03\/brillo-300x131.png 300w\" sizes=\"auto, (max-width: 349px) 85vw, 349px\" \/><\/figure><\/div>\n\n\n\n<p>Empiezo por este ya que es el control mas sencillo de todos. Nos salen dos \u00edndices  desde los que actuamos y tenemos la casilla de visualizar que nos  permite ver los ajustes directamente en la imagen. <\/p>\n\n\n\n<pre class=\"wp-block-preformatted\"><em><strong>Como consejo valido  para todos los ajustes mantener a la vista el histograma que nos permita apreciar si nos pasamos con el ajuste. <\/strong><\/em><\/pre>\n\n\n\n<p>Su manejo es muy simple, con el primer cursor  actuamos sobre el brillo, a mayor brillo mas luminosidad de la imagen y  con el segundo sobre el contraste mayor contraste mayor diferencia entre luces y sombras, menor pues menos diferencia. Es tan sencillo que es mas f\u00e1cil probar que explicarlo. <\/p>\n\n\n\n<h2 class=\"wp-block-heading\"><strong>Niveles<\/strong><\/h2>\n\n\n\n<div class=\"wp-block-image\"><figure class=\"aligncenter size-large is-resized\"><img loading=\"lazy\" decoding=\"async\" src=\"http:\/\/www.santalices.net\/blog\/wp-content\/uploads\/2020\/03\/niveles.png\" alt=\"\" class=\"wp-image-232\" width=\"260\" height=\"204\" srcset=\"http:\/\/www.santalices.net\/blog\/wp-content\/uploads\/2020\/03\/niveles.png 425w, http:\/\/www.santalices.net\/blog\/wp-content\/uploads\/2020\/03\/niveles-300x236.png 300w\" sizes=\"auto, (max-width: 260px) 85vw, 260px\" \/><\/figure><\/div>\n\n\n\n<p>  Como su propio nombre indica sirve para ajustar los  niveles de  luminosidad de la imagen. Como vimos en el histograma la  imagen la  dividimos en 256 niveles de luminosidad 0 para el negro y 255  para el  blanco.<\/p>\n\n\n\n<ul class=\"wp-block-list\"><li>a) Despegable de canales, podemos ver el canal RGB o  cada uno de ellos por separado.<\/li><li>b) Histograma.<\/li><li>c)  \u00cdndices de ajustes de la imagen.<\/li><li>d) Niveles de salida de la  imagen.<\/li><li>e) Teclas de funciones<\/li><li>d) Cuentagotas,  para fijar los valores limite y medio    <\/li><\/ul>\n\n\n\n<p>Su uso sin ser excesivamente complejo si que \nrequiere un poco de practica. Con los cursores de los extremos \nrecortamos los valores de blanco y negro, permitiendo optimizar la \nluminosidad de la imagen. Pero mejor pasemos a un ejemplo practico.<\/p>\n\n\n\n<figure class=\"wp-block-image size-large\"><img loading=\"lazy\" decoding=\"async\" width=\"600\" height=\"399\" src=\"http:\/\/www.santalices.net\/blog\/wp-content\/uploads\/2020\/03\/niveles-1.png\" alt=\"\" class=\"wp-image-233\" srcset=\"http:\/\/www.santalices.net\/blog\/wp-content\/uploads\/2020\/03\/niveles-1.png 600w, http:\/\/www.santalices.net\/blog\/wp-content\/uploads\/2020\/03\/niveles-1-300x200.png 300w\" sizes=\"auto, (max-width: 600px) 85vw, 600px\" \/><\/figure>\n\n\n\n<div class=\"wp-block-image\"><figure class=\"aligncenter size-large is-resized\"><img loading=\"lazy\" decoding=\"async\" src=\"http:\/\/www.santalices.net\/blog\/wp-content\/uploads\/2020\/03\/niveles-2-1.png\" alt=\"\" class=\"wp-image-234\" width=\"307\" height=\"242\" srcset=\"http:\/\/www.santalices.net\/blog\/wp-content\/uploads\/2020\/03\/niveles-2-1.png 350w, http:\/\/www.santalices.net\/blog\/wp-content\/uploads\/2020\/03\/niveles-2-1-300x237.png 300w\" sizes=\"auto, (max-width: 307px) 85vw, 307px\" \/><\/figure><\/div>\n\n\n\n<p>Tomemos como ejemplo esta imagen y su histograma. Esta  demasiado apagada y si nos fijamos en el histograma que nos sale en la paleta de Niveles entendemos el porque. El histograma no llena el  cuadro, nos faltan tanto tonos claros como oscuros <\/p>\n\n\n\n<p>\u00bfQue pasa si ajustamos los cursores al \nprincipio de la loma que forma el histograma? Pues que la imagen mejora \nsensiblemente, ya que dispone de un mayor rango tonal. <\/p>\n\n\n\n<figure class=\"wp-block-image size-large\"><img loading=\"lazy\" decoding=\"async\" width=\"600\" height=\"399\" src=\"http:\/\/www.santalices.net\/blog\/wp-content\/uploads\/2020\/03\/niveles-3.png\" alt=\"\" class=\"wp-image-235\" srcset=\"http:\/\/www.santalices.net\/blog\/wp-content\/uploads\/2020\/03\/niveles-3.png 600w, http:\/\/www.santalices.net\/blog\/wp-content\/uploads\/2020\/03\/niveles-3-300x200.png 300w\" sizes=\"auto, (max-width: 600px) 85vw, 600px\" \/><\/figure>\n\n\n\n<figure class=\"wp-block-image size-large\"><img loading=\"lazy\" decoding=\"async\" width=\"350\" height=\"276\" src=\"http:\/\/www.santalices.net\/blog\/wp-content\/uploads\/2020\/03\/niveles-4.png\" alt=\"\" class=\"wp-image-236\" srcset=\"http:\/\/www.santalices.net\/blog\/wp-content\/uploads\/2020\/03\/niveles-4.png 350w, http:\/\/www.santalices.net\/blog\/wp-content\/uploads\/2020\/03\/niveles-4-300x237.png 300w\" sizes=\"auto, (max-width: 350px) 85vw, 350px\" \/><\/figure>\n\n\n\n<div class=\"wp-block-image\"><figure class=\"alignright size-large\"><img loading=\"lazy\" decoding=\"async\" width=\"269\" height=\"183\" src=\"http:\/\/www.santalices.net\/blog\/wp-content\/uploads\/2020\/03\/niveles-5.png\" alt=\"\" class=\"wp-image-237\"\/><\/figure><\/div>\n\n\n\n<p>\u00bfPero que es lo que ha pasado realmente?  Veamos el nuevo histograma que tiene la imagen una vez cerramos y volvemos a abrir la herramienta. Vemos como ahora  cubre la totalidad del espacio. Los p\u00edxel que antes ten\u00edan un valor de  198, donde hemos ajustado el cursor derecho, han pasado a tener un valor  de 255 y los que ten\u00edan un valor de 28, cursor izquierdo pasan a tener  un valor de 0. Es decir hemos estirado el histograma hasta los extremos  posibles. <\/p>\n\n\n\n<p>Pero eso nos genera unos huecos importantes,  ya que existen valores que no hemos podido crear, todas las l\u00edneas  verticales vac\u00edas que aparecen en la imagen, que si bien de momento no  tienen mayor importancia, si que la tendr\u00e1n en cuanto sigamos procesando la imagen pues al final no es mas que degradaci\u00f3n de la misma. Tambi\u00e9n tenemos otro problema, que en esta imagen en  concreto no es muy evidente, si nos fijamos en el nuevo histograma, en  los extremos nos aparecen unos picos que corresponden a todos los p\u00edxel  que estaban entre los valores 0 a 28 y 198 a 255 que han tomado el valor  de 0 y 255 respectivamente. <\/p>\n\n\n\n<p>Con el cursor central se  ajusta el valor Gamma, que corresponde a la luminosidad media de la  imagen. Este nos permite modificar la luminosidad general de la imagen  sin tocar los valores extremos. Dicho de otra forma mientras con los  cursores de blanco (255) y negro (0) recortamos la escala asign\u00e1ndole nuevos valores a los extremos, con el central lo que hacemos es  desplazar el histograma hacia la derecha o la izquierda. <\/p>\n\n\n\n<h2 class=\"wp-block-heading\"><strong>Curvas<\/strong><\/h2>\n\n\n\n<p>Es el ajuste mas completo y mas complejo de todos los que nos afectan a la luminosidad\n de la imagen. Si en niveles ve\u00edamos que podemos ajustar tanto los \nvalores extremos como el valor medio de la imagen, en curvas podemos \najustar hasta dieciocho valores distintos por medio de anclas que vamos \ncreando. Pero pasemos a ve en que consiste.<\/p>\n\n\n\n<div class=\"wp-block-image\"><figure class=\"aligncenter size-large\"><img loading=\"lazy\" decoding=\"async\" width=\"500\" height=\"407\" src=\"http:\/\/www.santalices.net\/blog\/wp-content\/uploads\/2020\/03\/curvas3.png\" alt=\"\" class=\"wp-image-230\" srcset=\"http:\/\/www.santalices.net\/blog\/wp-content\/uploads\/2020\/03\/curvas3.png 500w, http:\/\/www.santalices.net\/blog\/wp-content\/uploads\/2020\/03\/curvas3-300x244.png 300w\" sizes=\"auto, (max-width: 500px) 85vw, 500px\" \/><\/figure><\/div>\n\n\n\n<p>Cuando abrimos Curvas nos encontramos con la  siguiente ventana. Los apartados <em><strong>a, b<\/strong> <\/em>y<strong> <em>d<\/em><\/strong> son iguales a los de la  ventana Niveles, el cambio importante lo tenemos en <strong>c<\/strong>.<\/p>\n\n\n\n<p>Vamos por faena. C, es el meollo de Curvas. Tenemos una representaci\u00f3n cartesiana del histograma. <\/p>\n\n\n\n<p>El eje horizontal con los valores de entrada \n(los que tiene la imagen) a derecha el valor 255 (blanco) y a la \nizquierda el valor 0 (negro).<\/p>\n\n\n\n<p>El eje vertical los de salida (los que tendr\u00e1 despu\u00e9s de modificar) arriba el valor 255 y abajo el 0.<\/p>\n\n\n\n<p>El cuadrante esta cruzado por una diagonal que \nrepresenta los valores de origen de la toma. Como no hemos tocado nada \nlos valores de entrada y salida se corresponden, es decir 0=0, 255=255, \n128=128 etc. de ah\u00ed que la representaci\u00f3n sea una diagonal perfecta. <\/p>\n\n\n\n<p>Si con el cursor pulso en el extremo izquierdo y  lo arrastro hasta la parte superior, lo que conseguir\u00e9 es que todos los  p\u00edxel con valor 0 cojan el valor 255. Pero arrastrar\u00e9 el total de la l\u00ednea hasta ese valor dejando una l\u00ednea totalmente horizontal con un  valor 255 y en consecuencia una imagen totalmente blanca, Si realizo la  operaci\u00f3n inversa con el extremo derecho, es decir bajar la l\u00ednea a  valor 0 la imagen se vuelve totalmente negra. Os comento esto para que  entend\u00e1is que cuando arrastro un punto de la l\u00ednea produzco variaciones  en la totalidad de la l\u00ednea. \u00bfComo evitarlo? muy sencillo, cada vez que  actu\u00e9 en un punto concreto de la l\u00ednea creo lo que se llama un ancla, es  decir un punto que puedo desplazar a mi antojo. A trav\u00e9s de las anclas  puedo ir dando la forma que desee a la l\u00ednea y esta ira formando curvas  modificando la luminosidad de la imagen. Podemos crear hasta 18 anclas  distintos lo que nos da un control enorme durante el trabajo, permiti\u00e9ndonos ir ajustando poco a poco la imagen.<\/p>\n\n\n\n<p>Pasemos a un ejemplo practico. Partiendo de la  misma imagen de antes. la he modificado de una forma bastante extrema  hasta llegar a la siguiente imagen con su paleta de ajustes.<\/p>\n\n\n\n<div class=\"wp-block-image\"><figure class=\"aligncenter size-large\"><img loading=\"lazy\" decoding=\"async\" width=\"600\" height=\"399\" src=\"http:\/\/www.santalices.net\/blog\/wp-content\/uploads\/2020\/03\/curvas2.png\" alt=\"\" class=\"wp-image-229\" srcset=\"http:\/\/www.santalices.net\/blog\/wp-content\/uploads\/2020\/03\/curvas2.png 600w, http:\/\/www.santalices.net\/blog\/wp-content\/uploads\/2020\/03\/curvas2-300x200.png 300w\" sizes=\"auto, (max-width: 600px) 85vw, 600px\" \/><\/figure><\/div>\n\n\n\n<div class=\"wp-block-image\"><figure class=\"aligncenter size-large is-resized\"><img loading=\"lazy\" decoding=\"async\" src=\"http:\/\/www.santalices.net\/blog\/wp-content\/uploads\/2020\/03\/curvas1.png\" alt=\"\" class=\"wp-image-228\" width=\"256\" height=\"209\" srcset=\"http:\/\/www.santalices.net\/blog\/wp-content\/uploads\/2020\/03\/curvas1.png 500w, http:\/\/www.santalices.net\/blog\/wp-content\/uploads\/2020\/03\/curvas1-300x245.png 300w\" sizes=\"auto, (max-width: 256px) 85vw, 256px\" \/><\/figure><\/div>\n\n\n\n<p>La\n curva que he creado es un poco excesiva y da un efecto un tanto \ndram\u00e1tico a la imagen, pero sirve perfectamente como ejemplo de lo que \npodemos conseguir con esta herramienta.<\/p>\n\n\n\n<p>He creado 11 puntos de ancla, lo que me ha permitido ajustar los valores en distintos puntos. <\/p>\n\n\n\n<p>Los extremos, a diferencia del ajuste con \nNiveles no los he tocado, en cambio si he bajado los tonos oscuros y \nsubido los claros. Con ello consigo mayor contraste (negros mas profundo\n y claros mas acentuados). Pero la curva no es uniforme, si no que en \nunas zonas he modificado mas y en otras menos. <\/p>\n\n\n\n<p>Pasemos ahora a ver el nuevo histograma de la foto y compararlo con los anteriores <\/p>\n\n\n\n<div class=\"wp-block-image\"><figure class=\"aligncenter size-large is-resized\"><img loading=\"lazy\" decoding=\"async\" src=\"http:\/\/www.santalices.net\/blog\/wp-content\/uploads\/2020\/03\/niveles-6.png\" alt=\"\" class=\"wp-image-238\" width=\"268\" height=\"174\"\/><figcaption> Histograma original  <\/figcaption><\/figure><\/div>\n\n\n\n<div class=\"wp-block-image\"><figure class=\"aligncenter size-large\"><img loading=\"lazy\" decoding=\"async\" width=\"269\" height=\"183\" src=\"http:\/\/www.santalices.net\/blog\/wp-content\/uploads\/2020\/03\/niveles-5.png\" alt=\"\" class=\"wp-image-237\"\/><figcaption> Histograma modificado por Niveles  <\/figcaption><\/figure><\/div>\n\n\n\n<div class=\"wp-block-image\"><figure class=\"aligncenter size-large is-resized\"><img loading=\"lazy\" decoding=\"async\" src=\"http:\/\/www.santalices.net\/blog\/wp-content\/uploads\/2020\/03\/curvas4.png\" alt=\"\" class=\"wp-image-231\" width=\"271\" height=\"183\"\/><figcaption> Histograma modificado por Curvas <\/figcaption><\/figure><\/div>\n\n\n\n<p>Podemos apreciar como el histograma llena todo el espacio y seguimos generando huecos como cuando hemos modificado con <em><strong>Niveles<\/strong><\/em>, pero a diferencia de antes ahora la forma del histograma es  distinta. <\/p>\n\n\n\n<p>Con Niveles solo hab\u00edamos conseguido expandirlo\n para rellenar todo el espacio, pero su forma era exactamente igual al \noriginal. Ahora no solo lo hemos expandido, si no que en la zona de \nsombras (izquierda) esta mucho mas lleno. Eso corresponde a la curva que\n hemos realizado acentuando los tonos oscuros mucho mas que los claros. \nTambi\u00e9n vemos como no aparecen los picos en los extremos ya que no hemos\n modificado los valores m\u00e1ximos.<\/p>\n\n\n\n<p>Eso s\u00ed, los huecos siguen apareciendo, de una  forma menos uniforme, ya que el ajuste tambi\u00e9n es menos uniforme. Eso es  debido a que no podemos inventar valores nuevos, si no que simplemente  asignamos nuevos valores a los que ya existen y a un mismo p\u00edxel no podemos asignarle dos distintos valores.<\/p>\n\n\n\n<h2 class=\"wp-block-heading\"><strong>Tono\/saturaci\u00f3n <\/strong><\/h2>\n\n\n\n<p>Aunque sea un ajuste que este en el segundo grupo y en el primer grupo este <em>Equilibrio del color<\/em>, este ultimo es bastante mas complejo de usar y es preferible dejarlo para mas adelante.<\/p>\n\n\n\n<p>Cuando realizamos ajustes de luminosidad, de \nforma indirecta afectamos a los colores, saturandolos cuando damos un \nmayor contraste a la imagen o desaturando cuando reducimos la \nluminosidad. Por eso en muchos caso es necesario reajustar el color \ndespu\u00e9s de un ajuste de niveles, curvas o un simple retoque de \nBrillo\/contraste.<\/p>\n\n\n\n<p>Empecemos por ver la paleta correspondiente a este ajuste.<\/p>\n\n\n\n<div class=\"wp-block-image\"><figure class=\"aligncenter size-large\"><img loading=\"lazy\" decoding=\"async\" width=\"431\" height=\"304\" src=\"http:\/\/www.santalices.net\/blog\/wp-content\/uploads\/2020\/03\/saturacion.png\" alt=\"\" class=\"wp-image-239\" srcset=\"http:\/\/www.santalices.net\/blog\/wp-content\/uploads\/2020\/03\/saturacion.png 431w, http:\/\/www.santalices.net\/blog\/wp-content\/uploads\/2020\/03\/saturacion-300x212.png 300w\" sizes=\"auto, (max-width: 431px) 85vw, 431px\" \/><\/figure><\/div>\n\n\n\n<p>El grupo<strong> b<\/strong> es el mismo que en las paletas anteriores. <\/p>\n\n\n\n<p>En <strong>a<\/strong> encontramos un  desplegable que nos permite actuar sobre la totalidad de los colores o  seleccionar uno de una lista predeterminada y actuar solo sobre ese  color en concreto.<\/p>\n\n\n\n<p>El grupo <strong>c<\/strong> tiene los tres cursores de ajuste:<\/p>\n\n\n\n<ul class=\"wp-block-list\"><li> <strong>Tono<\/strong>, nos permite modificar el tono, si movemos este cursor  veremos como en las dos barras de colores que hay en la parte inferior  se desalinean los tonos y la imagen modifica sus colores. Se pueden  conseguir efectos muy creativos e interesantes con este ajuste. <\/li><li> <strong>Saturaci\u00f3n<\/strong>, el mas importante en estos momentos. Nos permite  subir o  bajar la intensidad de los colores de la imagen, restando  intensidad si  se nos ha subido en exceso durante el tratamiento o al  contrario  subiendo es esta es demasiado baja. <\/li><li> <strong>Luminosidad<\/strong>, permite modificar la luminosidad de la imagen.  Es un  control excesivamente pobre, sobre todo despu\u00e9s de haber visto las   anteriores formas de hacerlo. Puede ser \u00fatil en caso de ajustar los   colores de forma individual <\/li><\/ul>\n\n\n\n<p>En este caso, dado la \nsencillez del manejo y la gran posibilidad de distintas combinaciones, \nno os pongo ning\u00fan ejemplo de su uso. Eso si os aconsejo probarlo y \njugar con \u00e9l, pues es realmente muy efectivo.<\/p>\n\n\n\n<h2 class=\"wp-block-heading\"><strong>Ajustes mediante Capas <\/strong><\/h2>\n\n\n\n<p>Hemos visto los ajustes realiz\u00e1ndolos  directamente desde el men\u00fa de <em>Imagen\/Ajustes\/&#8230; <\/em>Pero disponemos de otra  opci\u00f3n muy interesante que es realizar estas mismas operaciones desde  el men\u00fa <em>Capas\/Nueva capa de ajuste\/&#8230; (<strong>*<\/strong>)<\/em>  o directamente desde la<em> paleta de capas<\/em><\/p>\n\n\n\n<p>La gran ventaja de este sistema esta en la  posibilidad de modificar los ajustes. Si realizamos un ajuste  directamente sobre la imagen (<em>opci\u00f3n Imagen\/ajustes\/&#8230;<\/em>) este no es  reversible, por ejemplo el ajuste de Niveles recortando los extremos no  lo podemos volver atr\u00e1s, la informaci\u00f3n que hemos eliminado en ese  ajuste esta perdida. En cambio al actuar sobre capas, el ajuste no es definitivo, si no que lo tenemos en la <em>Paleta Capas<\/em> para poderlo editar  en el momento que queramos, deshaciendo, rehaci\u00e9ndolo a voluntad o haciendo que no sea visible todas  las veces que nos interese. Volviendo al ejemplo de Niveles podr\u00edamos volver a abrir la capa Niveles con un doble clic del rat\u00f3n sobre el  icono de la capa y mover los cursores a su posici\u00f3n original y  tendr\u00edamos la imagen tal como era originalmente o eliminar esa capa  directamente y no tendr\u00edamos ning\u00fan cambio sobre ella.<\/p>\n\n\n\n<p><strong>* <\/strong>Tambi\u00e9n disponemos de los m\u00e9todos abreviado del teclado para crea nuevas capas de ajuste:<\/p>\n\n\n\n<ul class=\"wp-block-list\"><li>Niveles: CTRL+L<\/li><li>Curvas: CTRL+M<\/li><li>Tono\/saturaci\u00f3n: CTRL+U <\/li><\/ul>\n","protected":false},"excerpt":{"rendered":"<p>La cantidad de ajustes que podemos aplicar a nuestras fotos son innumerables y depender\u00e1 de lo que queramos conseguir, vamos a empezar por los ajustes b\u00e1sicos de una imagen. Para acceder a los ajustes desde la barra de men\u00fas Imagen\/Ajustes y saldr\u00e1 el siguiente desplegable. Esta dividido en tres zonas que he coloreado para facilitar &hellip; <a href=\"http:\/\/www.santalices.net\/blog\/indice\/la-edicion-y-el-retoque\/ajustes-basicos\/\" class=\"more-link\">Continuar leyendo<span class=\"screen-reader-text\"> \u00abAjustes b\u00e1sicos\u00bb<\/span><\/a><\/p>\n","protected":false},"author":1,"featured_media":0,"parent":203,"menu_order":3,"comment_status":"closed","ping_status":"closed","template":"","meta":{"footnotes":""},"class_list":["post-225","page","type-page","status-publish","hentry"],"_links":{"self":[{"href":"http:\/\/www.santalices.net\/blog\/wp-json\/wp\/v2\/pages\/225","targetHints":{"allow":["GET"]}}],"collection":[{"href":"http:\/\/www.santalices.net\/blog\/wp-json\/wp\/v2\/pages"}],"about":[{"href":"http:\/\/www.santalices.net\/blog\/wp-json\/wp\/v2\/types\/page"}],"author":[{"embeddable":true,"href":"http:\/\/www.santalices.net\/blog\/wp-json\/wp\/v2\/users\/1"}],"replies":[{"embeddable":true,"href":"http:\/\/www.santalices.net\/blog\/wp-json\/wp\/v2\/comments?post=225"}],"version-history":[{"count":1,"href":"http:\/\/www.santalices.net\/blog\/wp-json\/wp\/v2\/pages\/225\/revisions"}],"predecessor-version":[{"id":240,"href":"http:\/\/www.santalices.net\/blog\/wp-json\/wp\/v2\/pages\/225\/revisions\/240"}],"up":[{"embeddable":true,"href":"http:\/\/www.santalices.net\/blog\/wp-json\/wp\/v2\/pages\/203"}],"wp:attachment":[{"href":"http:\/\/www.santalices.net\/blog\/wp-json\/wp\/v2\/media?parent=225"}],"curies":[{"name":"wp","href":"https:\/\/api.w.org\/{rel}","templated":true}]}}