{"id":50,"date":"2020-03-23T20:08:09","date_gmt":"2020-03-23T19:08:09","guid":{"rendered":"http:\/\/www.santalices.net\/blog\/?page_id=50"},"modified":"2023-07-15T11:40:39","modified_gmt":"2023-07-15T10:40:39","slug":"la-composicion","status":"publish","type":"page","link":"http:\/\/www.santalices.net\/blog\/indice\/indice-2\/la-composicion\/","title":{"rendered":"La composici\u00f3n"},"content":{"rendered":"\n<p>Hacer una fotograf\u00eda es muy sencillo, basta coger la  c\u00e1mara de fotos, acercar el ojo al visor o mirar la pantalla y disparar.  Que una fotograf\u00eda tenga una exposici\u00f3n correcta es bastante f\u00e1cil,  sobre todo con los automatismos de las c\u00e1maras actuales. Pero conseguir  que una fotograf\u00eda sea atractiva es mas complicado. Depende de m\u00faltiples  factores, el motivo, la luz, el color y la composici\u00f3n.  De momento nos vamos a centrar  en la  composici\u00f3n, esta tiene que  resultar atractiva a la vista por lo tanto vale la pena perder unos  instantes en buscar una composici\u00f3n agradable antes de apretar el  disparador.  <\/p>\n\n\n\n<p>Vamos a hablar de las reglas b\u00e1sicas de la composici\u00f3n,  aunque es mas importante conocerlas que seguirlas a rajatabla, pues a  veces el secreto puede estar en saber cuando saltarse las reglas. Estas  son las mismas que en el dibujo o pintura o maquetaci\u00f3n.<\/p>\n\n\n\n<p>El secreto de la composici\u00f3n esta en entender como se comporta la mente al ver una imagen y gracias a ello conseguir realzar y dar un entorno interesante al objeto que vamos a fotografiar. <\/p>\n\n\n\n<p><strong>El motivo <\/strong><\/p>\n\n\n\n<p>El primer paso  es definir el motivo, cuando  realizamos una fotograf\u00eda tenemos que tener claro que es lo que queremos ense\u00f1ar. No es lo mismo fotografiar un paisaje que hacer un  retrato. Despu\u00e9s tendremos que distribuir los elementos de una forma  adecuada, no sirve el aqu\u00ed te pillo aqu\u00ed te mato.<\/p>\n\n\n\n<p>El primer paso es observar el motivo a fotografiar desde distintos \u00e1ngulos, fij\u00e1ndonos en el entorno. Lo normal es que los elementos no est\u00e9n aislados, si no que  haya otros a su alrededor que pueden restarle protagonismo, pero si sabemos encontrar el \u00e1ngulo adecuado podemos darle la vuelta y usarlos  para realzar el elemento principal o como poco conseguir que no le  resten protagonismo.<\/p>\n\n\n\n<p>Muchas veces estamos tan concentrados en el  motivo de la foto, que no nos damos cuenta del resto hasta que vemos la  foto. Por ello creo que es importante buscar la composici\u00f3n mentalmente antes de coger c\u00e1mara y mirar por el visor. Una vez la tengamos mas o menos definida pasaremos a  encuadrar con la c\u00e1mara y corregir lo que necesitemos.<\/p>\n\n\n\n<p><strong>El encuadre <\/strong><\/p>\n\n\n\n<p>Un punto importante es el espacio alrededor \ndel objeto a fotografiar. Tenemos que intentar no dejarlo encajonado \ndentro del encuadre, ejemplo t\u00edpico los pies cortados. Ni dejar \ndemasiado espacio a su alrededor, pues se pierde dentro de la foto. <\/p>\n\n\n\n<p>Aqu\u00ed tenemos que tener en cuenta adem\u00e1s otros factores o casos especiales:<\/p>\n\n\n\n<ul class=\"wp-block-list\"><li>Objetos en movimiento; tiene que tener  espacio hacia donde se desplaza, es decir si se desplaza de derecha a izquierda de la imagen siempre necesita mas espacio (aire) a la izquierda que a  la derecha.           <\/li><li>Retratos; cuando el objeto retratado  esta de perfil o siempre que no este totalmente frontal, necesita un  mayor aire hacia donde se dirige la mirada.           <\/li><\/ul>\n\n\n\n<div class=\"wp-block-media-text alignwide\"><figure class=\"wp-block-media-text__media\"><img loading=\"lazy\" decoding=\"async\" width=\"172\" height=\"150\" src=\"http:\/\/www.santalices.net\/blog\/wp-content\/uploads\/2020\/03\/PICT3472r.jpg\" alt=\"\" class=\"wp-image-56\"\/><\/figure><div class=\"wp-block-media-text__content\">\n<p>Este retrato esta \u00abencajado\u00bb, parece mas una foto de carnet  que un retrato<\/p>\n<\/div><\/div>\n\n\n\n<div class=\"wp-block-media-text alignwide\"><figure class=\"wp-block-media-text__media\"><img loading=\"lazy\" decoding=\"async\" width=\"226\" height=\"150\" src=\"http:\/\/www.santalices.net\/blog\/wp-content\/uploads\/2020\/03\/PICT3472.jpg\" alt=\"\" class=\"wp-image-55\"\/><\/figure><div class=\"wp-block-media-text__content\">\n<p>D\u00e1ndole aire en la parte frontal liberamos espacio conseguimos una composici\u00f3n mas agradable y el retrato gana fuerza<\/p>\n<\/div><\/div>\n\n\n\n<p><strong>El formato <\/strong><\/p>\n\n\n\n<p>Una foto la podemos sacar en formato apaisado o vertical. Si bien el formato apaisado se considera el normal en fotograf\u00eda, el gran uso del tel\u00e9fono m\u00f3vil como c\u00e1mara y como soporte de visi\u00f3n hace que el vertical cada vez tome mas popularidad. Pero cuando hablamos de composici\u00f3n no se trata de buscar cual es la mas popular, sino cual es la mas adecuado. A veces primara el soporte donde tengamos que ense\u00f1ar la imagen o estar condicionada de antemano por un formato concreto, en estos casos lo tendremos en cuenta a l ahora de buscar la composici\u00f3n.<\/p>\n\n\n\n<div class=\"wp-block-media-text alignwide\"><figure class=\"wp-block-media-text__media\"><img loading=\"lazy\" decoding=\"async\" width=\"600\" height=\"399\" src=\"http:\/\/www.santalices.net\/blog\/wp-content\/uploads\/2020\/03\/PICT3710.jpg\" alt=\"\" class=\"wp-image-58\" srcset=\"http:\/\/www.santalices.net\/blog\/wp-content\/uploads\/2020\/03\/PICT3710.jpg 600w, http:\/\/www.santalices.net\/blog\/wp-content\/uploads\/2020\/03\/PICT3710-300x200.jpg 300w\" sizes=\"auto, (max-width: 600px) 85vw, 600px\" \/><\/figure><div class=\"wp-block-media-text__content\">\n<p>Esta imagen de una amapola tiene una composici\u00f3n correcta, no esta encajonada y destaca del fondo, pero no percibimos si es un elemento alto o no<\/p>\n<\/div><\/div>\n\n\n\n<div class=\"wp-block-media-text alignwide\" style=\"grid-template-columns:29% auto\"><figure class=\"wp-block-media-text__media\"><img loading=\"lazy\" decoding=\"async\" width=\"399\" height=\"600\" src=\"http:\/\/www.santalices.net\/blog\/wp-content\/uploads\/2020\/03\/PICT3710v.jpg\" alt=\"\" class=\"wp-image-60\" srcset=\"http:\/\/www.santalices.net\/blog\/wp-content\/uploads\/2020\/03\/PICT3710v.jpg 399w, http:\/\/www.santalices.net\/blog\/wp-content\/uploads\/2020\/03\/PICT3710v-200x300.jpg 200w\" sizes=\"auto, (max-width: 399px) 85vw, 399px\" \/><\/figure><div class=\"wp-block-media-text__content\">\n<p>Una composici\u00f3n vertical en cambio consigue realzar la altura del elemento.<\/p>\n\n\n\n<p>No voy a decir que una sea mas acertada que la otra, sino que un simple cambio de orientaci\u00f3n de la toma cambia la visi\u00f3n de los elementos, teng\u00e1molos en cuenta<\/p>\n<\/div><\/div>\n\n\n\n<p><strong>La regla de los tercios <\/strong><\/p>\n\n\n\n<p>Las im\u00e1genes anteriores tambi\u00e9n nos sirven \npara ver la que se considera la regla de oro de la composici\u00f3n, la regla\n de los tercios.<\/p>\n\n\n\n<div class=\"wp-block-image\"><figure class=\"aligncenter size-large\"><img loading=\"lazy\" decoding=\"async\" width=\"200\" height=\"150\" src=\"http:\/\/www.santalices.net\/blog\/wp-content\/uploads\/2020\/03\/tercios.jpg\" alt=\"\" class=\"wp-image-68\"\/><figcaption>Divisi\u00f3n de la imanen en tercios<\/figcaption><\/figure><\/div>\n\n\n\n<p> Si trazamos  dos l\u00edneas verticales y dos horizontales de forma que  queden  equidistantes de los bordes de la imagen, tenemos la imagen  dividida en  tercios. La regla de los tercios nos dice que tendremos que  colocar los  elementos principales coincidiendo con el punto donde se cruzan esas l\u00edneas. En las  im\u00e1genes anteriores podemos apreciar que la amapola esta colocada en la intersecci\u00f3n inferior-izquierda. El motivo de que este en la izquierda es que la flor mira a la derecha y as\u00ed le damos aire hacia donde esta encarada. El mantenerse en el eje inferior es porque es una visi\u00f3n \u00abmas natural\u00bb, nuestra mente acepta mejor el aire superior ya que es como vemos siempre las cosas, estamos mas cerca del suelo que del cielo.<\/p>\n\n\n\n<p>Esta regla es aplicable a todo tipo de  fotograf\u00eda, ya sea retrato, paisajes, bodegones, etc.  <\/p>\n\n\n\n<p>Es una regla tan b\u00e1sica, que sale incluso en \nla mayor\u00eda de los manuales de las c\u00e1maras de fotos e incluso algunas \ncompactas dentro de las diferentes configuraciones de visualizaci\u00f3n de \nlos LCD ofrecen una con las gu\u00edas de tercios, para ayudar a la \ncomposici\u00f3n. A continuaci\u00f3n os dejo dos im\u00e1genes mas en las que se \naprecia las bondades de la composici\u00f3n por la regla de los tercios.<\/p>\n\n\n\n<div class=\"wp-block-media-text alignwide\" style=\"grid-template-columns:45% auto\"><figure class=\"wp-block-media-text__media\"><img loading=\"lazy\" decoding=\"async\" width=\"200\" height=\"150\" src=\"http:\/\/www.santalices.net\/blog\/wp-content\/uploads\/2020\/03\/PICT3732.jpg\" alt=\"\" class=\"wp-image-62\"\/><\/figure><div class=\"wp-block-media-text__content\">\n<p> El  horizonte, aunque ligeramente ca\u00eddo, se mantiene en la l\u00ednea del  tercio  inferior, consiguiendo una composici\u00f3n equilibrada, el tercio  central lo ocupa la tierra principalmente y el superior el cielo, es una distribuci\u00f3n que coincide con como vemos las cosas normalmente<\/p>\n<\/div><\/div>\n\n\n\n<div class=\"wp-block-media-text alignwide has-media-on-the-right\" style=\"grid-template-columns:auto 44%\"><figure class=\"wp-block-media-text__media\"><img loading=\"lazy\" decoding=\"async\" width=\"200\" height=\"150\" src=\"http:\/\/www.santalices.net\/blog\/wp-content\/uploads\/2020\/03\/PICT3702.jpg\" alt=\"\" class=\"wp-image-57\"\/><\/figure><div class=\"wp-block-media-text__content\">\n<p>En esta toma la  mujer esta situada en el primer tercio vertical y con aire hacia donde mira. El horizonte esta alto, el motivo es mantener los     barcos lo mas cerca del tercio inferior y mantener un cierto aire por  encima y debajo del retrato <\/p>\n<\/div><\/div>\n\n\n\n<p><strong>El punto de fuga o l\u00edneas de fuga <\/strong><\/p>\n\n\n\n<p>El punto de fuga lo podemos entender con el ejemplo de las v\u00edas de un tren. Si bien son una l\u00edneas paralelas entre si, cuando nos colocamos en el centro de ellas y miramos hacia delante,  vemos como estas se van juntando paulatinamente, si lo hici\u00e9semos en una  recta lo suficientemente larga ver\u00edamos como al final acaban junt\u00e1ndose en un punto lejano, es lo que denominamos punto de fuga. <\/p>\n\n\n\n<p>En fotograf\u00eda su misi\u00f3n no es otra que la de  guiar la vista del espectador hacia un punto determinado de la imagen, con eso conseguimos darle protagonismo al punto de la imagen que mas nos  interesa. <\/p>\n\n\n\n<p>El punto de fuga no tiene por que ser \nnecesariamente el centro de la imagen, este lo podemos desplazar hacia \ncualquier lado de la imagen, seria una l\u00ednea imaginaria que nos gu\u00eda la \nvista en un sentido determinado.<\/p>\n\n\n\n<p>En estas dos im\u00e1genes he remarcado las l\u00edneas\n de fuga. Pod\u00e9is apreciar como los puntos de fuga hacen que recorramos \nlas foto en un sentido determinado, si puls\u00e1is sobre ellas las pod\u00e9is \nver en grande.<\/p>\n\n\n\n<div class=\"wp-block-media-text alignwide\" style=\"grid-template-columns:23% auto\"><figure class=\"wp-block-media-text__media\"><img loading=\"lazy\" decoding=\"async\" width=\"138\" height=\"199\" src=\"http:\/\/www.santalices.net\/blog\/wp-content\/uploads\/2020\/03\/Pohem.gif\" alt=\"\" class=\"wp-image-65\"\/><\/figure><div class=\"wp-block-media-text__content\">\n<p> El elemento principal de la foto es la el numero <strong>0<\/strong> ,  pero gracias a las l\u00edneas de fuga, la autora consigue incorporar otro elemento que si no pasar\u00eda desapercibido, el cartel de lo alto del   edificio. Las l\u00edneas de fuga gu\u00edan nuestra vista desde el numero<strong> 0<\/strong> hacia arriba donde se encuentra el cartel. <\/p>\n<\/div><\/div>\n\n\n\n<div class=\"wp-block-image\"><figure class=\"aligncenter size-large\"><img loading=\"lazy\" decoding=\"async\" width=\"519\" height=\"750\" src=\"http:\/\/www.santalices.net\/blog\/wp-content\/uploads\/2020\/03\/Pohem.jpg\" alt=\"\" class=\"wp-image-66\" srcset=\"http:\/\/www.santalices.net\/blog\/wp-content\/uploads\/2020\/03\/Pohem.jpg 519w, http:\/\/www.santalices.net\/blog\/wp-content\/uploads\/2020\/03\/Pohem-208x300.jpg 208w\" sizes=\"auto, (max-width: 519px) 85vw, 519px\" \/><figcaption> Foto, realizada por <strong>Pohen<\/strong> de Minoltaspain.com <\/figcaption><\/figure><\/div>\n\n\n\n<div class=\"wp-block-media-text alignwide has-media-on-the-right\" style=\"grid-template-columns:auto 24%\"><figure class=\"wp-block-media-text__media\"><img loading=\"lazy\" decoding=\"async\" width=\"151\" height=\"199\" src=\"http:\/\/www.santalices.net\/blog\/wp-content\/uploads\/2020\/03\/Txarli.gif\" alt=\"\" class=\"wp-image-69\"\/><\/figure><div class=\"wp-block-media-text__content\">\n<p> Esta otra imagen sirve muy bien para presentar  como este efecto se puede conseguir con  elementos distintos. No vemos unas l\u00edneas definidas como tales, son los \u00e1rboles los que marcan las l\u00edneas de fuga, guiando  muestra vista hasta el fondo de la laguna.  <\/p>\n<\/div><\/div>\n\n\n\n<div class=\"wp-block-image\"><figure class=\"aligncenter size-large\"><img loading=\"lazy\" decoding=\"async\" width=\"533\" height=\"704\" src=\"http:\/\/www.santalices.net\/blog\/wp-content\/uploads\/2020\/03\/NIEBLA-Y-SILENCIO2.jpg\" alt=\"\" class=\"wp-image-52\" srcset=\"http:\/\/www.santalices.net\/blog\/wp-content\/uploads\/2020\/03\/NIEBLA-Y-SILENCIO2.jpg 533w, http:\/\/www.santalices.net\/blog\/wp-content\/uploads\/2020\/03\/NIEBLA-Y-SILENCIO2-227x300.jpg 227w\" sizes=\"auto, (max-width: 533px) 85vw, 533px\" \/><figcaption>Foto realizada por <strong>Txarli <\/strong>de Minoltaspain.com <\/figcaption><\/figure><\/div>\n\n\n\n<p><strong>La perspectiva<\/strong><\/p>\n\n\n\n<p>La perspectiva es la forma de dar profundidad\n a una imagen bidimensional. La fotograf\u00eda es una imagen plana, pero \nrepresentamos objetos tridimensionales, para representar esa profundidad\n tenemos que acudir a la perspectiva.<\/p>\n\n\n\n<div class=\"wp-block-media-text alignwide\" style=\"grid-template-columns:25% auto\"><figure class=\"wp-block-media-text__media\"><img loading=\"lazy\" decoding=\"async\" width=\"200\" height=\"150\" src=\"http:\/\/www.santalices.net\/blog\/wp-content\/uploads\/2020\/03\/prespectiva.jpg\" alt=\"\" class=\"wp-image-67\"\/><\/figure><div class=\"wp-block-media-text__content\">\n<p> Si trazamos dos diagonales en un trozo  de papel desde sus v\u00e9rtices y  fijamos la vista en el centro, veremos  como esa imagen tan simple  adquiere volumen. <\/p>\n\n\n\n<p>Pues para conseguir dar profundidad a  la fotograf\u00eda  recurrimos a este principio tan b\u00e1sico, lo \u00fanico que tenemos que hacer  es usar esas diagonales para obtener  un punto de  fuga que gu\u00ede nuestra  vista hacia el fondo de la imagen consiguiendo  as\u00ed darle esa  profundidad.  <\/p>\n<\/div><\/div>\n\n\n\n<div class=\"wp-block-media-text alignwide has-media-on-the-right\" style=\"grid-template-columns:auto 37%\"><figure class=\"wp-block-media-text__media\"><img loading=\"lazy\" decoding=\"async\" width=\"225\" height=\"300\" src=\"http:\/\/www.santalices.net\/blog\/wp-content\/uploads\/2020\/03\/PICT3360.jpg\" alt=\"\" class=\"wp-image-53\"\/><\/figure><div class=\"wp-block-media-text__content\">\n<p> Este es un ejemplo cl\u00e1sico de volumen, vemos  como las diagonales  imaginarias coinciden plenamente con las l\u00edneas de  los arcos y los  bancos, generando una sensaci\u00f3n de profundidad a la  imagen. <\/p>\n\n\n\n<p>La perspectiva y el juego con las  l\u00edneas de fuga es infinito.  <\/p>\n<\/div><\/div>\n\n\n\n<div class=\"wp-block-image\"><figure class=\"aligncenter size-large\"><img loading=\"lazy\" decoding=\"async\" width=\"399\" height=\"600\" src=\"http:\/\/www.santalices.net\/blog\/wp-content\/uploads\/2020\/03\/PICT3360_g.jpg\" alt=\"\" class=\"wp-image-54\" srcset=\"http:\/\/www.santalices.net\/blog\/wp-content\/uploads\/2020\/03\/PICT3360_g.jpg 399w, http:\/\/www.santalices.net\/blog\/wp-content\/uploads\/2020\/03\/PICT3360_g-200x300.jpg 200w\" sizes=\"auto, (max-width: 399px) 85vw, 399px\" \/><\/figure><\/div>\n","protected":false},"excerpt":{"rendered":"<p>Hacer una fotograf\u00eda es muy sencillo, basta coger la c\u00e1mara de fotos, acercar el ojo al visor o mirar la pantalla y disparar. Que una fotograf\u00eda tenga una exposici\u00f3n correcta es bastante f\u00e1cil, sobre todo con los automatismos de las c\u00e1maras actuales. Pero conseguir que una fotograf\u00eda sea atractiva es mas complicado. Depende de m\u00faltiples &hellip; <a href=\"http:\/\/www.santalices.net\/blog\/indice\/indice-2\/la-composicion\/\" class=\"more-link\">Continuar leyendo<span class=\"screen-reader-text\"> \u00abLa composici\u00f3n\u00bb<\/span><\/a><\/p>\n","protected":false},"author":1,"featured_media":0,"parent":207,"menu_order":3,"comment_status":"closed","ping_status":"closed","template":"","meta":{"footnotes":""},"class_list":["post-50","page","type-page","status-publish","hentry"],"_links":{"self":[{"href":"http:\/\/www.santalices.net\/blog\/wp-json\/wp\/v2\/pages\/50","targetHints":{"allow":["GET"]}}],"collection":[{"href":"http:\/\/www.santalices.net\/blog\/wp-json\/wp\/v2\/pages"}],"about":[{"href":"http:\/\/www.santalices.net\/blog\/wp-json\/wp\/v2\/types\/page"}],"author":[{"embeddable":true,"href":"http:\/\/www.santalices.net\/blog\/wp-json\/wp\/v2\/users\/1"}],"replies":[{"embeddable":true,"href":"http:\/\/www.santalices.net\/blog\/wp-json\/wp\/v2\/comments?post=50"}],"version-history":[{"count":1,"href":"http:\/\/www.santalices.net\/blog\/wp-json\/wp\/v2\/pages\/50\/revisions"}],"predecessor-version":[{"id":70,"href":"http:\/\/www.santalices.net\/blog\/wp-json\/wp\/v2\/pages\/50\/revisions\/70"}],"up":[{"embeddable":true,"href":"http:\/\/www.santalices.net\/blog\/wp-json\/wp\/v2\/pages\/207"}],"wp:attachment":[{"href":"http:\/\/www.santalices.net\/blog\/wp-json\/wp\/v2\/media?parent=50"}],"curies":[{"name":"wp","href":"https:\/\/api.w.org\/{rel}","templated":true}]}}