{"id":74,"date":"2020-03-23T21:30:58","date_gmt":"2020-03-23T20:30:58","guid":{"rendered":"http:\/\/www.santalices.net\/blog\/?page_id=74"},"modified":"2023-07-15T11:40:49","modified_gmt":"2023-07-15T10:40:49","slug":"sistemas-de-medicion","status":"publish","type":"page","link":"http:\/\/www.santalices.net\/blog\/indice\/indice-2\/sistemas-de-medicion\/","title":{"rendered":"Sistemas de medici\u00f3n"},"content":{"rendered":"\n<p>Para realizar una foto no necesitamos complicarnos la\n vida, solo tenemos que poner nuestra flamante adquisici\u00f3n en modo A, \nautom\u00e1tico. Pero si estas leyendo esto es que tienes algunas inquietudes\n fotogr\u00e1ficas y buscas algo mas.<\/p>\n\n\n\n<p>Las c\u00e1maras actuales disponen de   distintos \nmodos de mediciones. Dependiendo de lo avanzada que sea la c\u00e1mara \ndispondr\u00e1 de mas o de menos, pero b\u00e1sicamente en todas son los mismos, \naunque puedan cambiar de nombre.<\/p>\n\n\n\n<p><strong>Sistemas de mediciones<\/strong><\/p>\n\n\n\n<p>Aunque pueda parecer un error el usar el plural \u00abmediciones\u00bb no lo es. Lo mas habitual es que la medici\u00f3n sea  \u00fanicamente de cantidad de Luz, pero en algunas c\u00e1maras tambi\u00e9n podemos seleccionar como o  donde medimos el Auto Foco (AF).<\/p>\n\n\n\n<p><strong>Medici\u00f3n de luz<\/strong><\/p>\n\n\n\n<p><strong>El fot\u00f3metro<\/strong>, es el \nmecanismo encargado de medir la luz. Todas las c\u00e1maras actuales llevan \nincorporado uno. No vamos a entrar en su funcionamiento, pero si que \nvamos a explicar como la c\u00e1mara nos presenta esos valores. <\/p>\n\n\n\n<div class=\"wp-block-image\"><figure class=\"aligncenter size-large\"><img loading=\"lazy\" decoding=\"async\" width=\"133\" height=\"36\" src=\"http:\/\/www.santalices.net\/blog\/wp-content\/uploads\/2020\/03\/escala.jpg\" alt=\"\" class=\"wp-image-77\"\/><\/figure><\/div>\n\n\n\n<p>La representaci\u00f3n la vemos a trav\u00e9s de una  escala como esta, tenemos el cero en el centro, que corresponde a una  exposici\u00f3n correcta. Hacia la derecha nos vamos a valores positivos (sobre exposici\u00f3n) y a la izquierda valores negativos (subexposici\u00f3n).  Cada punto se conoce como EV (<a href=\"http:\/\/www.santalices.net\/blog\/indice\/conceptos-basicos-de-la-fotografia\/\" target=\"_blank\" rel=\"noreferrer noopener\" aria-label=\"Ver  Relaci\u00f3n entre sensibilidad, velocidad y diafragma (EV) (se abre en una nueva pesta\u00f1a)\">Ver  Relaci\u00f3n entre sensibilidad, velocidad y diafragma (EV)<\/a> ) y est\u00e1n fraccionados, lo mas corriente es que sean fracciones de 1\/3. Se  representan en decimales y con el signo positivo o negativo delante;  +0.3EV, +0.6EV, +1EV o -0.6EV.<\/p>\n\n\n\n<p><strong>Los modos de medici\u00f3n de luz<\/strong> son b\u00e1sicamente tres, incorporo el s\u00edmbolo mas usado para cada uno de ellos.<\/p>\n\n\n\n<ul class=\"wp-block-list\"><li>( )  Mutisegmento, es la mas usada por defecto. La c\u00e1mara hace una medici\u00f3n  de luz en varios puntos de la imagen y promedia para obtener un valor  que sea lo mas adecuado para el conjunto de la imagen.<\/li><li>O Puntual o central, la medici\u00f3n se realiza \u00fanicamente en un \u00e1rea central reducida. No tiene en cuenta el resto de la imagen<\/li><li>(O) Ponderada o  con prioridad al centro, es una combinaci\u00f3n de las dos anteriores. Hace  una medici\u00f3n de conjunto de la imagen, pero prioriza el valor central.<\/li><\/ul>\n\n\n\n<p>Hasta aqu\u00ed no habr\u00e9 aportado nada nuevo, esto mismo lo ten\u00e9is en el manual de vuestra c\u00e1mara. Ahora bien <em>\u00bfPorque tres sistemas distintos? <\/em>o<em> <strong>\u00bfque sistema he de usar?<\/strong><\/em><\/p>\n\n\n\n<p>Si fotografiamos una pared de un color \nuniforme y con una luz repartida tambi\u00e9n de una forma uniforme tanto nos\n dar uno que otro, pues la iluminaci\u00f3n de toda la escena es igual, por \nlo tanto midamos donde midamos el resultado ser el mismo. El problema \nempieza cuando ese cuadro perfecto empieza a complicarse. En la imagen \naparecen zonas con mas luz que otras, una zonas claras al lado de zonas \noscuras. Aqu\u00ed es donde se pone a prueba los programas de las c\u00e1maras y \nlo malo es que dif\u00edcilmente consiguen salir airosas, por un motivo muy \nsimple. La c\u00e1mara no ve la foto, solo ve la luz. <\/p>\n\n\n\n<p>Veamos tres ejemplo de imagenes complicadas donde la diferencia ente las zonas sombr\u00edas y las zonas iluminadas (rango din\u00e1mico) son excesivas para nuestra c\u00e1mara y los sistemas de medici\u00f3n pueden darnos resultados erroneos.<\/p>\n\n\n\n<div class=\"wp-block-media-text alignwide\" style=\"grid-template-columns:44% auto\"><figure class=\"wp-block-media-text__media\"><img loading=\"lazy\" decoding=\"async\" width=\"200\" height=\"267\" src=\"http:\/\/www.santalices.net\/blog\/wp-content\/uploads\/2020\/03\/P1010208.jpg\" alt=\"\" class=\"wp-image-80\"\/><\/figure><div class=\"wp-block-media-text__content\">\n<pre class=\"wp-block-preformatted\"><strong>Foto 1<\/strong>\nLa  exposici\u00f3n  correcta para las luces.\nEl cielo, la pared iluminada y  el suelo iluminado tienen una exposici\u00f3n correcta mientras las zonas sombr\u00edas quedan oscuras o subexpuestas<\/pre>\n<\/div><\/div>\n\n\n\n<div class=\"wp-block-media-text alignwide\" style=\"grid-template-columns:44% auto\"><figure class=\"wp-block-media-text__media\"><img loading=\"lazy\" decoding=\"async\" width=\"200\" height=\"267\" src=\"http:\/\/www.santalices.net\/blog\/wp-content\/uploads\/2020\/03\/P1010210.jpg\" alt=\"\" class=\"wp-image-82\"\/><\/figure><div class=\"wp-block-media-text__content\">\n<pre class=\"wp-block-preformatted\"><strong>Foto 2<\/strong>\nExposici\u00f3n correcta para las sombras. \nAunque la foto sea peque\u00f1a   podemos apreciar como hay detalle hasta el fondo, en la zona mas sombr\u00eda. Pero las luces que antes ten\u00edamos bien ahora est\u00e1n totalmente   quemadas o sobrexpuestas<\/pre>\n<\/div><\/div>\n\n\n\n<div class=\"wp-block-media-text alignwide\" style=\"grid-template-columns:44% auto\"><figure class=\"wp-block-media-text__media\"><img loading=\"lazy\" decoding=\"async\" width=\"200\" height=\"267\" src=\"http:\/\/www.santalices.net\/blog\/wp-content\/uploads\/2020\/03\/P1010209.jpg\" alt=\"\" class=\"wp-image-81\"\/><\/figure><div class=\"wp-block-media-text__content\">\n<pre class=\"wp-block-preformatted\"><strong>Foto 3<\/strong>  \nEl compromiso.\nLuces ligeramente sobrexpuestas sin llegar a estar quemadas y sombras un poco subexpuestas pero conservando el detalle. <\/pre>\n<\/div><\/div>\n\n\n\n<p>\u00bfCon esto que quiero mostrar? Pues que la c\u00e1mara no es  capaz de distinguir si lo que nos interesa esta en la luz o en la  sombra, por lo tanto la decisi\u00f3n que tome no necesariamente coincidir\u00e1  con nuestros intereses. As\u00ed que lo mejor es que le ayudemos un poco.<\/p>\n\n\n\n<p>A continuaci\u00f3n vamos a ver unos ejemplos claros de cuando usar un tipo de medici\u00f3n u otro. <\/p>\n\n\n\n<p><strong>Multisegmento ( )<\/strong><\/p>\n\n\n\n<p>Si tenemos una iluminaci\u00f3n uniforme, sin  grandes cambios de luces\/sombras, la medici\u00f3n multisegmento es la mas  adecuada, conseguiremos un buen equilibrio de luces y sombras. <\/p>\n\n\n\n<p>Este tipo de medici\u00f3n es muy adecuado por \nejemplo en paisajes, ya sean naturales o urbanos, donde lo importante es\n mostrar el conjunto. Eso si siempre y cuando no aparezcan sombras muy \nmarcadas, en ese caso si las sombras ocupan poco espacio en la imagen \nsaldr\u00e1n totalmente subexpuestas, es decir oscuras. Por el contrario si \nlas sombras ocupan una zona muy amplia el problema ser\u00e1 el opuesto, las \nzonas con mas iluminaci\u00f3n quedaran sobre expuestas, es decir quemadas y \nsin detalle.<\/p>\n\n\n\n<figure class=\"wp-block-image size-large\"><img loading=\"lazy\" decoding=\"async\" width=\"600\" height=\"399\" src=\"http:\/\/www.santalices.net\/blog\/wp-content\/uploads\/2020\/03\/PICT2084g.jpg\" alt=\"\" class=\"wp-image-84\" srcset=\"http:\/\/www.santalices.net\/blog\/wp-content\/uploads\/2020\/03\/PICT2084g.jpg 600w, http:\/\/www.santalices.net\/blog\/wp-content\/uploads\/2020\/03\/PICT2084g-300x200.jpg 300w\" sizes=\"auto, (max-width: 600px) 85vw, 600px\" \/><\/figure>\n\n\n\n<p> Esta  foto representa un ejemplo muy claro de lo anterior. D\u00eda soleado, con  cielos claros, edificios claros y con una iluminaci\u00f3n frontolareral  que  nos da un buen volumen a la imagen. Existen dos zonas de  sombra intensa  pero estas carecen de inter\u00e9s pues no aportan nada a la  foto, adem\u00e1s en este caso las sombras ayudan a dar sensaci\u00f3n de  volumen a las im\u00e1genes, por lo tanto son hasta de agradecer. <\/p>\n\n\n\n<p>Con este tipo de medici\u00f3n tenemos que tener \nespecial cuidado en las situaciones de contraluz, es decir cuando la luz\n este a la espalda del objeto a retratar. En estos casos la imagen que \nobtendremos ser\u00e1 una silueta totalmente negra. <\/p>\n\n\n\n<p> <strong>Puntual O <\/strong><\/p>\n\n\n\n<p> Cuando exista una diferencia importante de \nluz, entre la imagen  general y el motivo central de la foto, lo mejor \nes la medici\u00f3n puntual o central.<\/p>\n\n\n\n<p>En este punto es necesaria una aclaraci\u00f3n. Cuando me refiero al motivo central de la foto no me refiero al centro  de la foto, sino al elemento principal que queremos retratar o resaltar. Este  puede estar descentrado como comentamos en el <a rel=\"noreferrer noopener\" href=\"\/Users\/andre\/Documents\/Santalices\/cuadernos\/Composicion\/composicion%20.htm#encuadre\" target=\"_blank\">cuaderno de la composici\u00f3n<\/a>. Como hacer para trasladar o bloquear esa medici\u00f3n lo veremos mas adelante. <\/p>\n\n\n\n<figure class=\"wp-block-image size-large\"><img loading=\"lazy\" decoding=\"async\" width=\"800\" height=\"532\" src=\"http:\/\/www.santalices.net\/blog\/wp-content\/uploads\/2020\/03\/PICT2104g.jpg\" alt=\"\" class=\"wp-image-85\" srcset=\"http:\/\/www.santalices.net\/blog\/wp-content\/uploads\/2020\/03\/PICT2104g.jpg 800w, http:\/\/www.santalices.net\/blog\/wp-content\/uploads\/2020\/03\/PICT2104g-300x200.jpg 300w, http:\/\/www.santalices.net\/blog\/wp-content\/uploads\/2020\/03\/PICT2104g-768x511.jpg 768w\" sizes=\"auto, (max-width: 800px) 85vw, 800px\" \/><\/figure>\n\n\n\n<p> Disponemos  de una luz de fondo muy fuerte y unas zonas claras muy  marcadas, en  cambio el motivo de la foto esta en la zona oscura. Si  us\u00e1semos la  medici\u00f3n multisegmento, nos encontrar\u00edamos con el motivo  totalmente subexpuesto. Al usar la medici\u00f3n  puntual,  medimos la luz directamente de la zona que nos interesa y  despreciamos el resto, aunque tengamos algunas zonas de la estructura  sobrexpuestas no nos importa  <\/p>\n\n\n\n<p><strong>Ponderada (o)<\/strong><\/p>\n\n\n\n<p> Si existiendo una diferencia de luz \nimportante, entre el motivo central y el resto de la imagen, nos \ninteresa que ambos salgan lo mejor posible, entonces tendremos que usar \nla medici\u00f3n ponderada o con prioridad al centro. Sacrificaremos la \nexposici\u00f3n algo en el motivo central y mas en el resto, pero siempre \nser\u00e1 la mejor opci\u00f3n. <\/p>\n\n\n\n<figure class=\"wp-block-image size-large\"><img loading=\"lazy\" decoding=\"async\" width=\"800\" height=\"600\" src=\"http:\/\/www.santalices.net\/blog\/wp-content\/uploads\/2020\/03\/bcn0005g.jpg\" alt=\"\" class=\"wp-image-75\" srcset=\"http:\/\/www.santalices.net\/blog\/wp-content\/uploads\/2020\/03\/bcn0005g.jpg 800w, http:\/\/www.santalices.net\/blog\/wp-content\/uploads\/2020\/03\/bcn0005g-300x225.jpg 300w, http:\/\/www.santalices.net\/blog\/wp-content\/uploads\/2020\/03\/bcn0005g-768x576.jpg 768w\" sizes=\"auto, (max-width: 800px) 85vw, 800px\" \/><\/figure>\n\n\n\n<p> Esta foto tiene una iluminaci\u00f3n uniforme por lo que  podr\u00edamos usar  la medici\u00f3n matricial, pero tiene un inconveniente  importante las figuras  de la fuente son blancas. El blanco nos refleja mucha mas  luz que los dem\u00e1s  colores, por lo tanto con una medici\u00f3n matricial  corremos el riesgo de  sobre exponer la fuente. Si acudimos a la  medici\u00f3n puntual, podemos  perder el entorno que es tambi\u00e9n importante.  Con la medici\u00f3n ponderada  conseguimos un compromiso bueno, ni quemamos  los blancos, ni dejamos  demasiado oscura la toma.      <\/p>\n\n\n\n<p><strong>Bloquear mediciones<\/strong> <\/p>\n\n\n\n<p>Anteriormente hab\u00edamos comentado la posibilidad de trasladar o bloquear una medici\u00f3n puntual, vamos a comentar el tema.<\/p>\n\n\n\n<p> Supongamos que tenemos toma en la que el \nmotivo principal nos aparece descentrado y con una iluminaci\u00f3n \nclaramente diferente al resto de la toma, como podr\u00eda ser un retrato o \nla siguiente imagen. <\/p>\n\n\n\n<figure class=\"wp-block-image size-large\"><img loading=\"lazy\" decoding=\"async\" width=\"600\" height=\"399\" src=\"http:\/\/www.santalices.net\/blog\/wp-content\/uploads\/2020\/03\/PICT3710.jpg\" alt=\"\" class=\"wp-image-58\" srcset=\"http:\/\/www.santalices.net\/blog\/wp-content\/uploads\/2020\/03\/PICT3710.jpg 600w, http:\/\/www.santalices.net\/blog\/wp-content\/uploads\/2020\/03\/PICT3710-300x200.jpg 300w\" sizes=\"auto, (max-width: 600px) 85vw, 600px\" \/><\/figure>\n\n\n\n<p>Si usamos un sistema de medici\u00f3n puntual, nos encontraremos que el motivo no esta donde estamos midiendo y si usamos el matricial nos encontraremos con una exposici\u00f3n incorrecta para la amapola porque el rojo es mas luminoso que el verde. La soluci\u00f3n esta en medir con la flor encuadrada en el  centro y luego recomponer el encuadre.<\/p>\n\n\n\n<p>Para fijar esa medici\u00f3n cuando trabajamos en \nsistemas autom\u00e1ticos o semi autom\u00e1ticos, tenemos dos sistemas, el \nprimero es universal y sirve para todas las c\u00e1maras. No es mas que \nencuadrar con la flor en el centro y pulsar el disparador a la mitad del\n recorrido para que nos haga la medici\u00f3n, sin soltar el disparador \nrecomponemos el encuadre y disparamos.<\/p>\n\n\n\n<p>El segundo no lo llevan todas las c\u00e1maras, es\n habitual en las c\u00e1maras reflex y las compactas de gama alta o \n\u00abProsumer\u00bb, como se las llama actualmente. Es el bot\u00f3n AEL (Auto \nExposure Lock) este nos permite mantener la exposici\u00f3n bloqueada en una \nlectura, para ello empezamos con el mismo procedimiento que antes. Es \ndecir centrar el objeto en el visor, pulsamos el bot\u00f3n de disparo a la \nmitad del recorrido y a continuaci\u00f3n el bot\u00f3n AEL, entonces podemos \nsoltar el disparador, pero no el bot\u00f3n AEL que lo debemos de mantener \npulsado, reencuadramos la escena apretamos otra vez el bot\u00f3n de disparo a\n la mitad para activar el AF, y ya hacemos la toma. Una ver terminada la\n toma es cuando podemos soltar el bot\u00f3n AEL.<\/p>\n\n\n\n<p>Ahora bien os preguntar\u00e9is el porque de los \ndos sistemas, sobre todo porque usar el segundo cuando el primero es tan\n sencillo. Pues existe una diferencia importante, cuando apretamos el \ndisparador la primera mitad del recorrido la c\u00e1mara realiza dos acciones\n de forma simultanea, medir la luz y activar el AutoFocus o enfoque \nautom\u00e1tico.<\/p>\n\n\n\n<p>Por lo tanto en el primer sistema no solo  bloqueamos la medici\u00f3n de la luz si no tambi\u00e9n bloqueamos el AF, opci\u00f3n  adecuada para la toma descrita, pero no para todos los casos. En cambio  el segundo sistema nos permite separar las dos funciones por lo tanto  medir la luz en un sitio y activar el AF en otro, cosa que puede ser  \u00fatil en algunas ocasiones. <\/p>\n\n\n\n<p>\u00daltimamente empieza a ser muy habitual, sobre todo en las c\u00e1mras de alta gama, un tercer sistema que es sin lugar a dudas el mejor. Consiste en poder seleccionar el punto de medici\u00f3n, pero siendo el mas preciso no siempre es el mas r\u00e1pido de usar, pues a veces requiere entrar en los men\u00fas de la c\u00e1mara a configurarlo.<\/p>\n\n\n\n<p><strong>Mediciones de Auto Focus<\/strong><\/p>\n\n\n\n<p>Si bien el sistema de AF lo tienen todas las  c\u00e1maras actuales la opci\u00f3n de seleccionar diferentes tipos de funcionamiento del sistema de AF no, es propio de las c\u00e1maras reflex y las  compactas mas avanzadas. <\/p>\n\n\n\n<p>Cuando vamos a realizar una toma nos podemos encontrar con objetos que est\u00e1n a diferentes distancias. Si disponemos de mucha profundidad de campo eso puede no ser un problema, pero si esta es peque\u00f1a o simplemente nos queremos asegurar un enfoque perfecto en un punto, s\u00ed.<\/p>\n\n\n\n<p>Para ello estas c\u00e1maras van dotadas de varios\n sistema de enfoque, son muy parecidos a los de medici\u00f3n de luz. Vamos a\n empezar por intentar explicar un poco por encima como funciona un AF, \nya que es muy breve.<\/p>\n\n\n\n<p>El sistema AF, se basa en el principio de que\n una imagen desenfocada carece o tiene un menor contraste que una \nenfocada, por lo tanto lo \u00fanico que hace es buscar la distancia en la \nque el contraste entre dos puntos es mayor. Pero no lo hace nunca sobre \nla totalidad de la imagen, si no que lo hace sobre un \u00e1rea determinada. <\/p>\n\n\n\n<figure class=\"wp-block-image size-large\"><img loading=\"lazy\" decoding=\"async\" width=\"600\" height=\"226\" src=\"http:\/\/www.santalices.net\/blog\/wp-content\/uploads\/2020\/03\/visor.jpg\" alt=\"\" class=\"wp-image-91\" srcset=\"http:\/\/www.santalices.net\/blog\/wp-content\/uploads\/2020\/03\/visor.jpg 600w, http:\/\/www.santalices.net\/blog\/wp-content\/uploads\/2020\/03\/visor-300x113.jpg 300w\" sizes=\"auto, (max-width: 600px) 85vw, 600px\" \/><\/figure>\n\n\n\n<p><strong>\u00c1rea puntual<\/strong> <\/p>\n\n\n\n<p>Al igual que en la medici\u00f3n de luz, se usa un\n \u00e1rea central muy reducida, normalmente es el cuadradito que vemos en el\n centro del visor.<\/p>\n\n\n\n<p><strong>\u00c1rea amplia <\/strong><\/p>\n\n\n\n<p>Es un \u00e1rea mayor, normalmente abarca el circulo central del visor.<\/p>\n\n\n\n<p><strong>Selecci\u00f3n de \u00e1rea<\/strong><\/p>\n\n\n\n<p>Esta ya es una funci\u00f3n casi reservada a las \nc\u00e1maras reflex, y lo que nos permite es seleccionar un \u00e1rea reducida \nentre distintos puntos preseleccionados. <\/p>\n\n\n\n<p>Cuando usar cada una de ellas, pues el \ncriterio es b\u00e1sicamente el mismo que con la medici\u00f3n de luz, dependiendo\n de la toma. Si queremos garantizar un enfoque general bueno usaremos el\n \u00e1rea amplia, por el contrario si lo que queremos es asegurar un enfoque\n de un punto muy concreto, usaremos el \u00e1rea puntual.<\/p>\n\n\n\n<p>La selecci\u00f3n de \u00e1rea tiene utilidad para motivos descentrados.<\/p>\n\n\n\n<p><strong>Autofocus continuo<\/strong><\/p>\n\n\n\n<p>Si bien no es un modo de medici\u00f3n, si que es importante el conocer su utilidad. <\/p>\n\n\n\n<p>Los sistemas de AF se activan en el momento \nque pulsamos el bot\u00f3n de disparo a medio recorrido, realizan una \nmedici\u00f3n instant\u00e1nea. Es decir ajustan el AF y este permanecer\u00e1 fijo en \nese punto aunque movamos el encuadre.<\/p>\n\n\n\n<p>Cuando estamos disparando fotos a objetos en  movimiento o somos nosotros los que estamos en movimiento la distancia  al objeto a fotografiar puede variar r\u00e1pidamente, con lo que seria casi  imposible el conseguir un enfoque adecuado. <\/p>\n\n\n\n<figure class=\"wp-block-image size-large\"><img loading=\"lazy\" decoding=\"async\" width=\"750\" height=\"511\" src=\"http:\/\/www.santalices.net\/blog\/wp-content\/uploads\/2020\/03\/gaviota.jpg\" alt=\"\" class=\"wp-image-78\" srcset=\"http:\/\/www.santalices.net\/blog\/wp-content\/uploads\/2020\/03\/gaviota.jpg 750w, http:\/\/www.santalices.net\/blog\/wp-content\/uploads\/2020\/03\/gaviota-300x204.jpg 300w\" sizes=\"auto, (max-width: 750px) 85vw, 750px\" \/><\/figure>\n\n\n\n<p>Esta  foto esta tomada desde un barco en movimiento a una gaviota que  nos  sobrevolava, dej\u00e1ndose llevar por el viento. Evidentemente en esa situaci\u00f3n no nos queda mas remedio que ir siguiendo el objeto con la c\u00e1mara para buscar el encuadre y el momento adecuado para la toma, pero este dura unos breves instantes, por lo que no podemos esperar a hacer las mediciones en ese momento, primero hay que preparar la toma.<\/p>\n\n\n\n<p>Lo que hice fue usar una medici\u00f3n  puntual para asegurar la  iluminaci\u00f3n correcta de la gaviota. A continuaci\u00f3n en modo de disparo manual fijar los valores correctos. Por ultimo AF en \u00e1rea reducida y modo continuo, para poder seguir la gaviota. Solo queda esperar el  momento adecuado. <\/p>\n\n\n\n<p>El sistema de AF continuo lo que hace es ir \najustando el enfoque al objeto a cada instante, de forma que aunque este\n se aleje o acerque siempre lo tendremos dentro de foco. No conviene \nabusar de \u00e9l ya que representa un consumo elevado de bater\u00eda, adem\u00e1s del\n consiguiente desgaste adicional de los elementos mec\u00e1nicos del sistema \nde enfoque. <\/p>\n\n\n\n<p><strong>Nota:<\/strong> <em>Cuando usemos la \nc\u00e1mara en modo manual, mi consejo es usar siempre el \u00e1rea puntual, ya \nque nos proporciona mayor libertad creativa, pues al no variar los \nvalores de exposici\u00f3n al apretar el disparador, siempre podemos usar el \nbloqueo de enfoque en un punto determinado y luego reencuadar la \ncomposici\u00f3n.<\/em> <\/p>\n","protected":false},"excerpt":{"rendered":"<p>Para realizar una foto no necesitamos complicarnos la vida, solo tenemos que poner nuestra flamante adquisici\u00f3n en modo A, autom\u00e1tico. Pero si estas leyendo esto es que tienes algunas inquietudes fotogr\u00e1ficas y buscas algo mas. Las c\u00e1maras actuales disponen de distintos modos de mediciones. Dependiendo de lo avanzada que sea la c\u00e1mara dispondr\u00e1 de mas &hellip; <a href=\"http:\/\/www.santalices.net\/blog\/indice\/indice-2\/sistemas-de-medicion\/\" class=\"more-link\">Continuar leyendo<span class=\"screen-reader-text\"> \u00abSistemas de medici\u00f3n\u00bb<\/span><\/a><\/p>\n","protected":false},"author":1,"featured_media":0,"parent":207,"menu_order":4,"comment_status":"closed","ping_status":"closed","template":"","meta":{"footnotes":""},"class_list":["post-74","page","type-page","status-publish","hentry"],"_links":{"self":[{"href":"http:\/\/www.santalices.net\/blog\/wp-json\/wp\/v2\/pages\/74","targetHints":{"allow":["GET"]}}],"collection":[{"href":"http:\/\/www.santalices.net\/blog\/wp-json\/wp\/v2\/pages"}],"about":[{"href":"http:\/\/www.santalices.net\/blog\/wp-json\/wp\/v2\/types\/page"}],"author":[{"embeddable":true,"href":"http:\/\/www.santalices.net\/blog\/wp-json\/wp\/v2\/users\/1"}],"replies":[{"embeddable":true,"href":"http:\/\/www.santalices.net\/blog\/wp-json\/wp\/v2\/comments?post=74"}],"version-history":[{"count":1,"href":"http:\/\/www.santalices.net\/blog\/wp-json\/wp\/v2\/pages\/74\/revisions"}],"predecessor-version":[{"id":92,"href":"http:\/\/www.santalices.net\/blog\/wp-json\/wp\/v2\/pages\/74\/revisions\/92"}],"up":[{"embeddable":true,"href":"http:\/\/www.santalices.net\/blog\/wp-json\/wp\/v2\/pages\/207"}],"wp:attachment":[{"href":"http:\/\/www.santalices.net\/blog\/wp-json\/wp\/v2\/media?parent=74"}],"curies":[{"name":"wp","href":"https:\/\/api.w.org\/{rel}","templated":true}]}}